{"id":304,"date":"2025-03-07T11:03:13","date_gmt":"2025-03-07T11:03:13","guid":{"rendered":"https:\/\/hammerheadprojects.com\/?page_id=304"},"modified":"2025-08-20T11:42:02","modified_gmt":"2025-08-20T11:42:02","slug":"contactez-nous","status":"publish","type":"page","link":"https:\/\/hammerheadprojects.com\/fr\/contactez-nous\/","title":{"rendered":"Contactez-nous"},"content":{"rendered":"\n<h1>\n\t\t\tContactez-nous\t<\/h1>\n<h2>\n\t\t\tUne question\t<\/h2>\n<h2>\n\t\t\tHoraire d&rsquo;ouvertures\t<\/h2>\n\t<p>Lundi \u00e0 Vendredi : 8h30 &#8211; 15h30<\/p>\n<p>Samedi : 8h30 \u00e0 14h00<\/p>\n<p>Dimanche : Ferm\u00e9 (Ouvert sur r\u00e9servation)<\/p>\n<p>Location 7\/7<\/p>\n<p><strong>Attention : de Novembre \u00e0 Mars, ferm\u00e9 les samedis et dimanches.<\/strong><\/p>\n<h2>\n\t\t\tAdresse :\t<\/h2>\n\tMgarr Road Xewkija XWK9021<br \/>\nGOZO (Malta)\n\t\t\t\t<img decoding=\"async\" src=\"https:\/\/hammerheadprojects.com\/wp-content\/uploads\/2025\/04\/facing-the-garage-1-scaled.jpg\" alt=\"facing the garage\" itemprop=\"image\" height=\"2560\" width=\"1920\" title=\"facing the garage\" onerror=\"this.style.display='none'\" loading=\"lazy\" \/>\n\t\t\t\t<img decoding=\"async\" src=\"https:\/\/hammerheadprojects.com\/wp-content\/uploads\/2025\/04\/outside-the-garage-3-scaled.jpg\" alt=\"outside the garage\" itemprop=\"image\" height=\"2560\" width=\"1920\" title=\"outside the garage\" onerror=\"this.style.display='none'\" loading=\"lazy\" \/>\n\t\t\t\t<img decoding=\"async\" src=\"https:\/\/hammerheadprojects.com\/wp-content\/uploads\/2025\/04\/garage-view-from-the-bus-stop-1-scaled.jpg\" alt=\"garage view from the bus stop\" itemprop=\"image\" height=\"2560\" width=\"1920\" title=\"garage view from the bus stop\" onerror=\"this.style.display='none'\" loading=\"lazy\" \/>\n\t\t\t\t<img decoding=\"async\" src=\"https:\/\/hammerheadprojects.com\/wp-content\/uploads\/2025\/04\/inside-the-garage-3-scaled.jpg\" alt=\"inside the garage\" itemprop=\"image\" height=\"2560\" width=\"1920\" title=\"inside the garage\" onerror=\"this.style.display='none'\" loading=\"lazy\" \/>\n\t<iframe src=\"https:\/\/www.google.com\/maps\/embed\/v1\/place?q=HammerheadProjects%2C+Mgarr+Road%2C+Ix-Xewkija+XWK+9021%2C+Malte&#038;key=AIzaSyD09zQ9PNDNNy9TadMuzRV_UsPUoWKntt8\" aria-hidden=\"true\"><\/iframe>\n<h2>\n\t\t\tFormulaire de contact\t<\/h2>\n\t\n<div class=\"wpcf7 no-js\" id=\"wpcf7-f718-o1\" lang=\"fr-FR\" dir=\"ltr\" data-wpcf7-id=\"718\">\n<div class=\"screen-reader-response\"><p role=\"status\" aria-live=\"polite\" aria-atomic=\"true\"><\/p> <ul><\/ul><\/div>\n<form action=\"\/fr\/wp-json\/wp\/v2\/pages\/304#wpcf7-f718-o1\" method=\"post\" class=\"wpcf7-form init\" aria-label=\"Formulaire de contact\" novalidate=\"novalidate\" data-status=\"init\">\n<fieldset class=\"hidden-fields-container\"><input type=\"hidden\" name=\"_wpcf7\" value=\"718\" \/><input type=\"hidden\" name=\"_wpcf7_version\" value=\"6.1.4\" \/><input type=\"hidden\" name=\"_wpcf7_locale\" value=\"fr_FR\" \/><input type=\"hidden\" name=\"_wpcf7_unit_tag\" value=\"wpcf7-f718-o1\" \/><input type=\"hidden\" name=\"_wpcf7_container_post\" value=\"0\" \/><input type=\"hidden\" name=\"_wpcf7_posted_data_hash\" value=\"\" \/><input type=\"hidden\" name=\"_wpcf7_recaptcha_response\" value=\"\" \/>\n<\/fieldset>\n<p><label> Votre nom (Requis)<br \/>\n<span class=\"wpcf7-form-control-wrap\" data-name=\"your-name\"><input size=\"40\" maxlength=\"400\" class=\"wpcf7-form-control wpcf7-text wpcf7-validates-as-required\" autocomplete=\"name\" aria-required=\"true\" aria-invalid=\"false\" value=\"\" type=\"text\" name=\"your-name\" \/><\/span> <\/label>\n<\/p>\n<p><label> Votre e-mail (Requis)<br \/>\n<span class=\"wpcf7-form-control-wrap\" data-name=\"your-email\"><input size=\"40\" maxlength=\"400\" class=\"wpcf7-form-control wpcf7-email wpcf7-validates-as-required wpcf7-text wpcf7-validates-as-email\" autocomplete=\"email\" aria-required=\"true\" aria-invalid=\"false\" value=\"\" type=\"email\" name=\"your-email\" \/><\/span> <\/label>\n<\/p>\n<p><label> Objet (Requis)<br \/>\n<span class=\"wpcf7-form-control-wrap\" data-name=\"your-subject\"><input size=\"40\" maxlength=\"400\" class=\"wpcf7-form-control wpcf7-text wpcf7-validates-as-required\" aria-required=\"true\" aria-invalid=\"false\" value=\"\" type=\"text\" name=\"your-subject\" \/><\/span> <\/label>\n<\/p>\n<p><label> Votre message (requis)<br \/>\n<span class=\"wpcf7-form-control-wrap\" data-name=\"your-message\"><textarea cols=\"40\" rows=\"10\" maxlength=\"2000\" class=\"wpcf7-form-control wpcf7-textarea wpcf7-validates-as-required\" aria-required=\"true\" aria-invalid=\"false\" name=\"your-message\"><\/textarea><\/span> <\/label><br \/>\n<label> Pour toute demande de devis concernant le powder coating, merci de joindre des photos afin d'estimer le travail \u00e0 r\u00e9aliser (Optionnel)<br \/>\n<span class=\"wpcf7-form-control-wrap\" data-name=\"mfile-199\"><input size=\"40\" class=\"wpcf7-form-control wpcf7-drag-n-drop-file d-none\" aria-invalid=\"false\" type=\"file\" multiple=\"multiple\" data-name=\"mfile-199\" data-min=\"1\" data-id=\"718\" data-version=\"free version 1.3.9.2\" accept=\".\" \/><\/span><br \/>\n<input class=\"wpcf7-form-control wpcf7-submit has-spinner\" type=\"submit\" value=\"Envoyer\" \/><\/label>\n<\/p><div class=\"wpcf7-response-output\" aria-hidden=\"true\"><\/div>\n<\/form>\n<\/div>\n\n<h3>\n\t\t\tMerci pour votre confiance\t<\/h3>\n\n","protected":false},"excerpt":{"rendered":"<p>Contactez-nous Une question Horaire d&rsquo;ouvertures Lundi \u00e0 Vendredi : 8h30 &#8211; 15h30 Samedi : 8h30 \u00e0 14h00 Dimanche : Ferm\u00e9 (Ouvert sur r\u00e9servation) Location 7\/7 Attention : de Novembre \u00e0 Mars, ferm\u00e9 les samedis et dimanches. Adresse : Mgarr Road Xewkija XWK9021 GOZO (Malta) Formulaire de contact Merci pour votre confiance<\/p>\n","protected":false},"author":1,"featured_media":0,"parent":0,"menu_order":0,"comment_status":"closed","ping_status":"closed","template":"","meta":{"_acf_changed":false,"footnotes":""},"class_list":["post-304","page","type-page","status-publish","hentry"],"acf":[],"yoast_head":"<!-- This site is optimized with the Yoast SEO plugin v27.4 - https:\/\/yoast.com\/product\/yoast-seo-wordpress\/ -->\n<title>Contactez-nous - Hammerhead Projects<\/title>\n<meta name=\"robots\" content=\"index, follow, max-snippet:-1, max-image-preview:large, max-video-preview:-1\" \/>\n<link rel=\"canonical\" href=\"https:\/\/hammerheadprojects.com\/fr\/contactez-nous\/\" \/>\n<meta property=\"og:locale\" content=\"fr_FR\" \/>\n<meta property=\"og:type\" content=\"article\" \/>\n<meta property=\"og:title\" content=\"Contactez-nous - Hammerhead Projects\" \/>\n<meta property=\"og:description\" content=\"Contactez-nous Une question Horaire d&rsquo;ouvertures Lundi \u00e0 Vendredi : 8h30 &#8211; 15h30 Samedi : 8h30 \u00e0 14h00 Dimanche : Ferm\u00e9 (Ouvert sur r\u00e9servation) Location 7\/7 Attention : de Novembre \u00e0 Mars, ferm\u00e9 les samedis et dimanches. Adresse : Mgarr Road Xewkija XWK9021 GOZO (Malta) Formulaire de contact Merci pour votre confiance\" \/>\n<meta property=\"og:url\" content=\"https:\/\/hammerheadprojects.com\/fr\/contactez-nous\/\" \/>\n<meta property=\"og:site_name\" content=\"Hammerhead Projects\" \/>\n<meta property=\"article:modified_time\" content=\"2025-08-20T11:42:02+00:00\" \/>\n<meta property=\"og:image\" content=\"https:\/\/hammerheadprojects.com\/wp-content\/uploads\/2025\/04\/facing-the-garage-1-scaled.jpg\" \/>\n<meta name=\"twitter:card\" content=\"summary_large_image\" \/>\n<script type=\"application\/ld+json\" class=\"yoast-schema-graph\">{\"@context\":\"https:\\\/\\\/schema.org\",\"@graph\":[{\"@type\":\"WebPage\",\"@id\":\"https:\\\/\\\/hammerheadprojects.com\\\/fr\\\/contactez-nous\\\/\",\"url\":\"https:\\\/\\\/hammerheadprojects.com\\\/fr\\\/contactez-nous\\\/\",\"name\":\"Contactez-nous - Hammerhead Projects\",\"isPartOf\":{\"@id\":\"https:\\\/\\\/hammerheadprojects.com\\\/fr\\\/#website\"},\"primaryImageOfPage\":{\"@id\":\"https:\\\/\\\/hammerheadprojects.com\\\/fr\\\/contactez-nous\\\/#primaryimage\"},\"image\":{\"@id\":\"https:\\\/\\\/hammerheadprojects.com\\\/fr\\\/contactez-nous\\\/#primaryimage\"},\"thumbnailUrl\":\"https:\\\/\\\/hammerheadprojects.com\\\/wp-content\\\/uploads\\\/2025\\\/04\\\/facing-the-garage-1-scaled.jpg\",\"datePublished\":\"2025-03-07T11:03:13+00:00\",\"dateModified\":\"2025-08-20T11:42:02+00:00\",\"breadcrumb\":{\"@id\":\"https:\\\/\\\/hammerheadprojects.com\\\/fr\\\/contactez-nous\\\/#breadcrumb\"},\"inLanguage\":\"fr-FR\",\"potentialAction\":[{\"@type\":\"ReadAction\",\"target\":[\"https:\\\/\\\/hammerheadprojects.com\\\/fr\\\/contactez-nous\\\/\"]}]},{\"@type\":\"ImageObject\",\"inLanguage\":\"fr-FR\",\"@id\":\"https:\\\/\\\/hammerheadprojects.com\\\/fr\\\/contactez-nous\\\/#primaryimage\",\"url\":\"https:\\\/\\\/hammerheadprojects.com\\\/wp-content\\\/uploads\\\/2025\\\/04\\\/facing-the-garage-1-scaled.jpg\",\"contentUrl\":\"https:\\\/\\\/hammerheadprojects.com\\\/wp-content\\\/uploads\\\/2025\\\/04\\\/facing-the-garage-1-scaled.jpg\"},{\"@type\":\"BreadcrumbList\",\"@id\":\"https:\\\/\\\/hammerheadprojects.com\\\/fr\\\/contactez-nous\\\/#breadcrumb\",\"itemListElement\":[{\"@type\":\"ListItem\",\"position\":1,\"name\":\"Accueil\",\"item\":\"https:\\\/\\\/hammerheadprojects.com\\\/fr\\\/\"},{\"@type\":\"ListItem\",\"position\":2,\"name\":\"Contactez-nous\"}]},{\"@type\":\"WebSite\",\"@id\":\"https:\\\/\\\/hammerheadprojects.com\\\/fr\\\/#website\",\"url\":\"https:\\\/\\\/hammerheadprojects.com\\\/fr\\\/\",\"name\":\"Hammerhead Projects\",\"description\":\"Pour une exp\u00e9rience incroyable !\",\"potentialAction\":[{\"@type\":\"SearchAction\",\"target\":{\"@type\":\"EntryPoint\",\"urlTemplate\":\"https:\\\/\\\/hammerheadprojects.com\\\/fr\\\/?s={search_term_string}\"},\"query-input\":{\"@type\":\"PropertyValueSpecification\",\"valueRequired\":true,\"valueName\":\"search_term_string\"}}],\"inLanguage\":\"fr-FR\"}]}<\/script>\n<!-- \/ Yoast SEO plugin. -->","yoast_head_json":{"title":"Contactez-nous - Hammerhead Projects","robots":{"index":"index","follow":"follow","max-snippet":"max-snippet:-1","max-image-preview":"max-image-preview:large","max-video-preview":"max-video-preview:-1"},"canonical":"https:\/\/hammerheadprojects.com\/fr\/contactez-nous\/","og_locale":"fr_FR","og_type":"article","og_title":"Contactez-nous - Hammerhead Projects","og_description":"Contactez-nous Une question Horaire d&rsquo;ouvertures Lundi \u00e0 Vendredi : 8h30 &#8211; 15h30 Samedi : 8h30 \u00e0 14h00 Dimanche : Ferm\u00e9 (Ouvert sur r\u00e9servation) Location 7\/7 Attention : de Novembre \u00e0 Mars, ferm\u00e9 les samedis et dimanches. Adresse : Mgarr Road Xewkija XWK9021 GOZO (Malta) Formulaire de contact Merci pour votre confiance","og_url":"https:\/\/hammerheadprojects.com\/fr\/contactez-nous\/","og_site_name":"Hammerhead Projects","article_modified_time":"2025-08-20T11:42:02+00:00","og_image":[{"url":"https:\/\/hammerheadprojects.com\/wp-content\/uploads\/2025\/04\/facing-the-garage-1-scaled.jpg","type":"","width":"","height":""}],"twitter_card":"summary_large_image","schema":{"@context":"https:\/\/schema.org","@graph":[{"@type":"WebPage","@id":"https:\/\/hammerheadprojects.com\/fr\/contactez-nous\/","url":"https:\/\/hammerheadprojects.com\/fr\/contactez-nous\/","name":"Contactez-nous - Hammerhead Projects","isPartOf":{"@id":"https:\/\/hammerheadprojects.com\/fr\/#website"},"primaryImageOfPage":{"@id":"https:\/\/hammerheadprojects.com\/fr\/contactez-nous\/#primaryimage"},"image":{"@id":"https:\/\/hammerheadprojects.com\/fr\/contactez-nous\/#primaryimage"},"thumbnailUrl":"https:\/\/hammerheadprojects.com\/wp-content\/uploads\/2025\/04\/facing-the-garage-1-scaled.jpg","datePublished":"2025-03-07T11:03:13+00:00","dateModified":"2025-08-20T11:42:02+00:00","breadcrumb":{"@id":"https:\/\/hammerheadprojects.com\/fr\/contactez-nous\/#breadcrumb"},"inLanguage":"fr-FR","potentialAction":[{"@type":"ReadAction","target":["https:\/\/hammerheadprojects.com\/fr\/contactez-nous\/"]}]},{"@type":"ImageObject","inLanguage":"fr-FR","@id":"https:\/\/hammerheadprojects.com\/fr\/contactez-nous\/#primaryimage","url":"https:\/\/hammerheadprojects.com\/wp-content\/uploads\/2025\/04\/facing-the-garage-1-scaled.jpg","contentUrl":"https:\/\/hammerheadprojects.com\/wp-content\/uploads\/2025\/04\/facing-the-garage-1-scaled.jpg"},{"@type":"BreadcrumbList","@id":"https:\/\/hammerheadprojects.com\/fr\/contactez-nous\/#breadcrumb","itemListElement":[{"@type":"ListItem","position":1,"name":"Accueil","item":"https:\/\/hammerheadprojects.com\/fr\/"},{"@type":"ListItem","position":2,"name":"Contactez-nous"}]},{"@type":"WebSite","@id":"https:\/\/hammerheadprojects.com\/fr\/#website","url":"https:\/\/hammerheadprojects.com\/fr\/","name":"Hammerhead Projects","description":"Pour une exp\u00e9rience incroyable !","potentialAction":[{"@type":"SearchAction","target":{"@type":"EntryPoint","urlTemplate":"https:\/\/hammerheadprojects.com\/fr\/?s={search_term_string}"},"query-input":{"@type":"PropertyValueSpecification","valueRequired":true,"valueName":"search_term_string"}}],"inLanguage":"fr-FR"}]}},"_links":{"self":[{"href":"https:\/\/hammerheadprojects.com\/fr\/wp-json\/wp\/v2\/pages\/304","targetHints":{"allow":["GET"]}}],"collection":[{"href":"https:\/\/hammerheadprojects.com\/fr\/wp-json\/wp\/v2\/pages"}],"about":[{"href":"https:\/\/hammerheadprojects.com\/fr\/wp-json\/wp\/v2\/types\/page"}],"author":[{"embeddable":true,"href":"https:\/\/hammerheadprojects.com\/fr\/wp-json\/wp\/v2\/users\/1"}],"replies":[{"embeddable":true,"href":"https:\/\/hammerheadprojects.com\/fr\/wp-json\/wp\/v2\/comments?post=304"}],"version-history":[{"count":21,"href":"https:\/\/hammerheadprojects.com\/fr\/wp-json\/wp\/v2\/pages\/304\/revisions"}],"predecessor-version":[{"id":2017,"href":"https:\/\/hammerheadprojects.com\/fr\/wp-json\/wp\/v2\/pages\/304\/revisions\/2017"}],"wp:attachment":[{"href":"https:\/\/hammerheadprojects.com\/fr\/wp-json\/wp\/v2\/media?parent=304"}],"curies":[{"name":"wp","href":"https:\/\/api.w.org\/{rel}","templated":true}]}}