{"id":306,"date":"2025-03-07T11:03:33","date_gmt":"2025-03-07T11:03:33","guid":{"rendered":"https:\/\/hammerheadprojects.com\/?page_id=306"},"modified":"2025-03-16T13:36:19","modified_gmt":"2025-03-16T13:36:19","slug":"a-propos-de-nous","status":"publish","type":"page","link":"https:\/\/hammerheadprojects.com\/fr\/a-propos-de-nous\/","title":{"rendered":"A propos de nous"},"content":{"rendered":"\n<h2>\n\t\tA propos de nous\n\t<\/h2>\n\t<strong data-start=\"88\" data-end=\"176\">Un couple franco-am\u00e9ricain, unis par la passion des sports m\u00e9caniques et l&rsquo;aventure.<\/strong>\nNous sommes un couple franco-am\u00e9ricain, anim\u00e9s par une passion commune pour les sports m\u00e9caniques. Depuis que nous nous sommes rencontr\u00e9s, l&rsquo;une des premi\u00e8res choses qui nous a li\u00e9s a \u00e9t\u00e9 notre amour pour la vitesse, l&rsquo;adr\u00e9naline et le d\u00e9fi que nous apportent les motos et autres v\u00e9hicules. Ce n&rsquo;est pas seulement une passion, c&rsquo;est une mani\u00e8re de vivre, une philosophie qui nous guide dans chaque \u00e9tape de notre parcours.\nNotre histoire nous a conduits \u00e0 travers le monde, \u00e0 la recherche de nouvelles exp\u00e9riences et de nouveaux d\u00e9fis. Mais c&rsquo;est en d\u00e9couvrant les magnifiques \u00eeles maltaises que nous avons trouv\u00e9 notre v\u00e9ritable terrain de jeu. Sur l&rsquo;\u00eele de Gozo, nous avons d\u00e9couvert un site exceptionnel, parfait pour les amateurs de moto et de sports m\u00e9caniques. Des paysages \u00e0 couper le souffle, des routes sinueuses et une culture accueillante &#8211; Gozo nous a imm\u00e9diatement conquis. C&rsquo;\u00e9tait l&rsquo;endroit r\u00eav\u00e9 pour allier notre passion \u00e0 un projet de vie.\nCependant, comme souvent dans la vie, la r\u00e9alit\u00e9 s&rsquo;est rapidement impos\u00e9e \u00e0 nous. Lorsque nous avons tent\u00e9 de louer une moto pour profiter d&rsquo;un week-end d&rsquo;aventure sur l&rsquo;\u00eele, nous avons fait face \u00e0 des d\u00e9ceptions. Que ce soit \u00e0 cause de motos mal entretenues, de services insuffisants ou de promesses non tenues, chaque exp\u00e9rience \u00e9tait loin d&rsquo;\u00eatre \u00e0 la hauteur de nos attentes et des standards auxquels nous aspirions. Mais au lieu de simplement accepter cette situation, nous avons vu une opportunit\u00e9. Une opportunit\u00e9 de changer les choses.\n<strong data-start=\"1680\" data-end=\"1718\">C&rsquo;est ainsi qu&rsquo;est n\u00e9e Hammerhead.<\/strong>\n\t\t\t\t<img loading=\"lazy\" decoding=\"async\" src=\"https:\/\/hammerheadprojects.com\/wp-content\/uploads\/2025\/03\/IMG_20220504_104932_423.jpg\" alt=\"IMG_20220504_104932_423\" itemprop=\"image\" height=\"1504\" width=\"1504\" title=\"IMG_20220504_104932_423\" onerror=\"this.style.display='none'\"  \/>\n\tFort de notre exp\u00e9rience et de notre passion, nous avons d\u00e9cid\u00e9 de poser nos valises \u00e0 Gozo. Nous ne voulions pas simplement y vivre, mais y apporter quelque chose de sp\u00e9cial. Nous avons alors fond\u00e9 <strong data-start=\"1919\" data-end=\"1933\">Hammerhead<\/strong>, un lieu o\u00f9 l&rsquo;excellence dans les sports m\u00e9caniques est au c\u0153ur de chaque service propos\u00e9.\n\u00c0 Hammerhead, nous avons voulu cr\u00e9er une exp\u00e9rience o\u00f9 <strong data-start=\"2082\" data-end=\"2129\">\u00ab\u00a0ce que vous voyez est ce que vous obtenez\u00a0\u00bb<\/strong>. Chaque moto que nous proposons est soigneusement s\u00e9lectionn\u00e9e et parfaitement entretenue. Nous avons mis un point d&rsquo;honneur \u00e0 offrir des motos fiables et performantes, pr\u00eates \u00e0 vous offrir des moments inoubliables sur les routes de Gozo. Chaque d\u00e9tail compte &#8211; de l&rsquo;\u00e9tat impeccable des v\u00e9hicules \u00e0 la qualit\u00e9 de notre service. Nous sommes fiers de vous offrir des prestations \u00e0 la hauteur de notre passion et de nos standards.\n\tMais ce n&rsquo;est pas tout. Nous savons qu&rsquo;une aventure en moto ne se r\u00e9sume pas \u00e0 la simple location d&rsquo;un v\u00e9hicule. C&rsquo;est une exp\u00e9rience qui doit \u00eatre compl\u00e8te et immersive. C&rsquo;est pourquoi nous avons mis en place un service sur mesure, en vous proposant une gamme d&rsquo;\u00e9quipements haut de gamme pour accompagner votre exp\u00e9rience &#8211; du casque \u00e0 la combinaison, en passant par des guides pour d\u00e9couvrir les meilleurs itin\u00e9raires et points de vue de l&rsquo;\u00eele. Nous voulons que chaque client se sente pris en charge, qu&rsquo;il soit un passionn\u00e9 de moto chevronn\u00e9 ou un novice en qu\u00eate de sensations.\nNotre engagement \u00e0 offrir des prestations de qualit\u00e9 est \u00e9galement un engagement envers l&rsquo;\u00eele de Gozo et ses habitants. Nous sommes profond\u00e9ment attach\u00e9s \u00e0 l&rsquo;environnement local et \u00e0 l&rsquo;authenticit\u00e9 de l&rsquo;\u00eele. Chaque aventure avec Hammerhead est une occasion de d\u00e9couvrir Gozo sous un nouveau jour, tout en respectant les valeurs de durabilit\u00e9 et de respect de la nature qui nous tiennent \u00e0 c\u0153ur.\n<strong data-start=\"3538\" data-end=\"3597\">Rejoignez-nous \u00e0 Gozo pour vivre l&rsquo;aventure Hammerhead.<\/strong>\nIci, ce n&rsquo;est pas juste une question de louer une moto, c&rsquo;est une invitation \u00e0 vivre une exp\u00e9rience inoubliable, entour\u00e9e de passion, de qualit\u00e9 et de professionnalisme. Nous vous invitons \u00e0 nous rejoindre \u00e0 Gozo, o\u00f9 la beaut\u00e9 des paysages rencontre l&rsquo;adr\u00e9naline des sports m\u00e9caniques, et o\u00f9 chaque moment pass\u00e9 sur une moto devient une aventure \u00e0 part enti\u00e8re. Chez Hammerhead, nous faisons tout pour que vous repartiez avec des souvenirs imp\u00e9rissables.\n\t\t\t<a href=\"https:\/\/hammerheadprojects.com\/\" target=\"_self\">\n\t\t\t\t\t\t\tR\u00e9server mon s\u00e9jour \n\t\t\t\t\t<\/a>\n\n","protected":false},"excerpt":{"rendered":"<p>A propos de nous Un couple franco-am\u00e9ricain, unis par la passion des sports m\u00e9caniques et l&rsquo;aventure. Nous sommes un couple franco-am\u00e9ricain, anim\u00e9s par une passion commune pour les sports m\u00e9caniques. Depuis que nous nous sommes rencontr\u00e9s, l&rsquo;une des premi\u00e8res choses qui nous a li\u00e9s a \u00e9t\u00e9 notre amour pour la vitesse, l&rsquo;adr\u00e9naline et le d\u00e9fi&hellip;<\/p>\n","protected":false},"author":1,"featured_media":0,"parent":0,"menu_order":0,"comment_status":"closed","ping_status":"closed","template":"","meta":{"_acf_changed":false,"footnotes":""},"class_list":["post-306","page","type-page","status-publish","hentry"],"acf":[],"yoast_head":"<!-- This site is optimized with the Yoast SEO plugin v27.4 - https:\/\/yoast.com\/product\/yoast-seo-wordpress\/ -->\n<title>A propos de nous - Hammerhead Projects<\/title>\n<meta name=\"robots\" content=\"index, follow, max-snippet:-1, max-image-preview:large, max-video-preview:-1\" \/>\n<link rel=\"canonical\" href=\"https:\/\/hammerheadprojects.com\/fr\/a-propos-de-nous\/\" \/>\n<meta property=\"og:locale\" content=\"fr_FR\" \/>\n<meta property=\"og:type\" content=\"article\" \/>\n<meta property=\"og:title\" content=\"A propos de nous - Hammerhead Projects\" \/>\n<meta property=\"og:description\" content=\"A propos de nous Un couple franco-am\u00e9ricain, unis par la passion des sports m\u00e9caniques et l&rsquo;aventure. Nous sommes un couple franco-am\u00e9ricain, anim\u00e9s par une passion commune pour les sports m\u00e9caniques. Depuis que nous nous sommes rencontr\u00e9s, l&rsquo;une des premi\u00e8res choses qui nous a li\u00e9s a \u00e9t\u00e9 notre amour pour la vitesse, l&rsquo;adr\u00e9naline et le d\u00e9fi&hellip;\" \/>\n<meta property=\"og:url\" content=\"https:\/\/hammerheadprojects.com\/fr\/a-propos-de-nous\/\" \/>\n<meta property=\"og:site_name\" content=\"Hammerhead Projects\" \/>\n<meta property=\"article:modified_time\" content=\"2025-03-16T13:36:19+00:00\" \/>\n<meta property=\"og:image\" content=\"https:\/\/hammerheadprojects.com\/wp-content\/uploads\/2025\/03\/IMG_20220504_104932_423.jpg\" \/>\n<meta name=\"twitter:card\" content=\"summary_large_image\" \/>\n<meta name=\"twitter:label1\" content=\"Dur\u00e9e de lecture estim\u00e9e\" \/>\n\t<meta name=\"twitter:data1\" content=\"3 minutes\" \/>\n<script type=\"application\/ld+json\" class=\"yoast-schema-graph\">{\"@context\":\"https:\\\/\\\/schema.org\",\"@graph\":[{\"@type\":\"WebPage\",\"@id\":\"https:\\\/\\\/hammerheadprojects.com\\\/fr\\\/a-propos-de-nous\\\/\",\"url\":\"https:\\\/\\\/hammerheadprojects.com\\\/fr\\\/a-propos-de-nous\\\/\",\"name\":\"A propos de nous - Hammerhead Projects\",\"isPartOf\":{\"@id\":\"https:\\\/\\\/hammerheadprojects.com\\\/fr\\\/#website\"},\"primaryImageOfPage\":{\"@id\":\"https:\\\/\\\/hammerheadprojects.com\\\/fr\\\/a-propos-de-nous\\\/#primaryimage\"},\"image\":{\"@id\":\"https:\\\/\\\/hammerheadprojects.com\\\/fr\\\/a-propos-de-nous\\\/#primaryimage\"},\"thumbnailUrl\":\"https:\\\/\\\/hammerheadprojects.com\\\/wp-content\\\/uploads\\\/2025\\\/03\\\/IMG_20220504_104932_423.jpg\",\"datePublished\":\"2025-03-07T11:03:33+00:00\",\"dateModified\":\"2025-03-16T13:36:19+00:00\",\"breadcrumb\":{\"@id\":\"https:\\\/\\\/hammerheadprojects.com\\\/fr\\\/a-propos-de-nous\\\/#breadcrumb\"},\"inLanguage\":\"fr-FR\",\"potentialAction\":[{\"@type\":\"ReadAction\",\"target\":[\"https:\\\/\\\/hammerheadprojects.com\\\/fr\\\/a-propos-de-nous\\\/\"]}]},{\"@type\":\"ImageObject\",\"inLanguage\":\"fr-FR\",\"@id\":\"https:\\\/\\\/hammerheadprojects.com\\\/fr\\\/a-propos-de-nous\\\/#primaryimage\",\"url\":\"https:\\\/\\\/hammerheadprojects.com\\\/wp-content\\\/uploads\\\/2025\\\/03\\\/IMG_20220504_104932_423.jpg\",\"contentUrl\":\"https:\\\/\\\/hammerheadprojects.com\\\/wp-content\\\/uploads\\\/2025\\\/03\\\/IMG_20220504_104932_423.jpg\"},{\"@type\":\"BreadcrumbList\",\"@id\":\"https:\\\/\\\/hammerheadprojects.com\\\/fr\\\/a-propos-de-nous\\\/#breadcrumb\",\"itemListElement\":[{\"@type\":\"ListItem\",\"position\":1,\"name\":\"Accueil\",\"item\":\"https:\\\/\\\/hammerheadprojects.com\\\/fr\\\/\"},{\"@type\":\"ListItem\",\"position\":2,\"name\":\"A propos de nous\"}]},{\"@type\":\"WebSite\",\"@id\":\"https:\\\/\\\/hammerheadprojects.com\\\/fr\\\/#website\",\"url\":\"https:\\\/\\\/hammerheadprojects.com\\\/fr\\\/\",\"name\":\"Hammerhead Projects\",\"description\":\"Pour une exp\u00e9rience incroyable !\",\"potentialAction\":[{\"@type\":\"SearchAction\",\"target\":{\"@type\":\"EntryPoint\",\"urlTemplate\":\"https:\\\/\\\/hammerheadprojects.com\\\/fr\\\/?s={search_term_string}\"},\"query-input\":{\"@type\":\"PropertyValueSpecification\",\"valueRequired\":true,\"valueName\":\"search_term_string\"}}],\"inLanguage\":\"fr-FR\"}]}<\/script>\n<!-- \/ Yoast SEO plugin. -->","yoast_head_json":{"title":"A propos de nous - Hammerhead Projects","robots":{"index":"index","follow":"follow","max-snippet":"max-snippet:-1","max-image-preview":"max-image-preview:large","max-video-preview":"max-video-preview:-1"},"canonical":"https:\/\/hammerheadprojects.com\/fr\/a-propos-de-nous\/","og_locale":"fr_FR","og_type":"article","og_title":"A propos de nous - Hammerhead Projects","og_description":"A propos de nous Un couple franco-am\u00e9ricain, unis par la passion des sports m\u00e9caniques et l&rsquo;aventure. Nous sommes un couple franco-am\u00e9ricain, anim\u00e9s par une passion commune pour les sports m\u00e9caniques. Depuis que nous nous sommes rencontr\u00e9s, l&rsquo;une des premi\u00e8res choses qui nous a li\u00e9s a \u00e9t\u00e9 notre amour pour la vitesse, l&rsquo;adr\u00e9naline et le d\u00e9fi&hellip;","og_url":"https:\/\/hammerheadprojects.com\/fr\/a-propos-de-nous\/","og_site_name":"Hammerhead Projects","article_modified_time":"2025-03-16T13:36:19+00:00","og_image":[{"url":"https:\/\/hammerheadprojects.com\/wp-content\/uploads\/2025\/03\/IMG_20220504_104932_423.jpg","type":"","width":"","height":""}],"twitter_card":"summary_large_image","twitter_misc":{"Dur\u00e9e de lecture estim\u00e9e":"3 minutes"},"schema":{"@context":"https:\/\/schema.org","@graph":[{"@type":"WebPage","@id":"https:\/\/hammerheadprojects.com\/fr\/a-propos-de-nous\/","url":"https:\/\/hammerheadprojects.com\/fr\/a-propos-de-nous\/","name":"A propos de nous - Hammerhead Projects","isPartOf":{"@id":"https:\/\/hammerheadprojects.com\/fr\/#website"},"primaryImageOfPage":{"@id":"https:\/\/hammerheadprojects.com\/fr\/a-propos-de-nous\/#primaryimage"},"image":{"@id":"https:\/\/hammerheadprojects.com\/fr\/a-propos-de-nous\/#primaryimage"},"thumbnailUrl":"https:\/\/hammerheadprojects.com\/wp-content\/uploads\/2025\/03\/IMG_20220504_104932_423.jpg","datePublished":"2025-03-07T11:03:33+00:00","dateModified":"2025-03-16T13:36:19+00:00","breadcrumb":{"@id":"https:\/\/hammerheadprojects.com\/fr\/a-propos-de-nous\/#breadcrumb"},"inLanguage":"fr-FR","potentialAction":[{"@type":"ReadAction","target":["https:\/\/hammerheadprojects.com\/fr\/a-propos-de-nous\/"]}]},{"@type":"ImageObject","inLanguage":"fr-FR","@id":"https:\/\/hammerheadprojects.com\/fr\/a-propos-de-nous\/#primaryimage","url":"https:\/\/hammerheadprojects.com\/wp-content\/uploads\/2025\/03\/IMG_20220504_104932_423.jpg","contentUrl":"https:\/\/hammerheadprojects.com\/wp-content\/uploads\/2025\/03\/IMG_20220504_104932_423.jpg"},{"@type":"BreadcrumbList","@id":"https:\/\/hammerheadprojects.com\/fr\/a-propos-de-nous\/#breadcrumb","itemListElement":[{"@type":"ListItem","position":1,"name":"Accueil","item":"https:\/\/hammerheadprojects.com\/fr\/"},{"@type":"ListItem","position":2,"name":"A propos de nous"}]},{"@type":"WebSite","@id":"https:\/\/hammerheadprojects.com\/fr\/#website","url":"https:\/\/hammerheadprojects.com\/fr\/","name":"Hammerhead Projects","description":"Pour une exp\u00e9rience incroyable !","potentialAction":[{"@type":"SearchAction","target":{"@type":"EntryPoint","urlTemplate":"https:\/\/hammerheadprojects.com\/fr\/?s={search_term_string}"},"query-input":{"@type":"PropertyValueSpecification","valueRequired":true,"valueName":"search_term_string"}}],"inLanguage":"fr-FR"}]}},"_links":{"self":[{"href":"https:\/\/hammerheadprojects.com\/fr\/wp-json\/wp\/v2\/pages\/306","targetHints":{"allow":["GET"]}}],"collection":[{"href":"https:\/\/hammerheadprojects.com\/fr\/wp-json\/wp\/v2\/pages"}],"about":[{"href":"https:\/\/hammerheadprojects.com\/fr\/wp-json\/wp\/v2\/types\/page"}],"author":[{"embeddable":true,"href":"https:\/\/hammerheadprojects.com\/fr\/wp-json\/wp\/v2\/users\/1"}],"replies":[{"embeddable":true,"href":"https:\/\/hammerheadprojects.com\/fr\/wp-json\/wp\/v2\/comments?post=306"}],"version-history":[{"count":3,"href":"https:\/\/hammerheadprojects.com\/fr\/wp-json\/wp\/v2\/pages\/306\/revisions"}],"predecessor-version":[{"id":769,"href":"https:\/\/hammerheadprojects.com\/fr\/wp-json\/wp\/v2\/pages\/306\/revisions\/769"}],"wp:attachment":[{"href":"https:\/\/hammerheadprojects.com\/fr\/wp-json\/wp\/v2\/media?parent=306"}],"curies":[{"name":"wp","href":"https:\/\/api.w.org\/{rel}","templated":true}]}}