{"id":313,"date":"2025-03-07T11:04:42","date_gmt":"2025-03-07T11:04:42","guid":{"rendered":"https:\/\/hammerheadprojects.com\/?page_id=313"},"modified":"2025-05-15T15:13:22","modified_gmt":"2025-05-15T15:13:22","slug":"conditions-generales-de-ventes","status":"publish","type":"page","link":"https:\/\/hammerheadprojects.com\/fr\/conditions-generales-de-ventes\/","title":{"rendered":"Conditions g\u00e9n\u00e9rales de ventes"},"content":{"rendered":"\n<h2>\n\t\tConditions G\u00e9n\u00e9rales de Vente (CGV)  de Hammerheadproject\n\t<\/h2>\n\t<strong data-start=\"261\" data-end=\"294\">Derni\u00e8re mise \u00e0 jour : [Date]<\/strong><br data-start=\"294\" data-end=\"297\" \/>Les pr\u00e9sentes Conditions G\u00e9n\u00e9rales de Vente r\u00e9gissent les ventes de services propos\u00e9es par <strong data-start=\"388\" data-end=\"409\">Hammerheadproject<\/strong> (ci-apr\u00e8s d\u00e9nomm\u00e9e \u00ab\u00a0nous\u00a0\u00bb, \u00ab\u00a0notre\u00a0\u00bb, \u00ab\u00a0notre entreprise\u00a0\u00bb) via notre site internet ou par tout autre moyen de communication.\n<h3 data-start=\"538\" data-end=\"596\"><strong data-start=\"542\" data-end=\"594\">1. Acceptation des Conditions G\u00e9n\u00e9rales de Vente<\/strong><\/h3>\nToute commande pass\u00e9e aupr\u00e8s de <strong data-start=\"629\" data-end=\"650\">Hammerheadproject<\/strong> implique l&rsquo;acceptation sans r\u00e9serve des pr\u00e9sentes Conditions G\u00e9n\u00e9rales de Vente. Ces CGV peuvent \u00eatre modifi\u00e9es \u00e0 tout moment, et ces modifications seront publi\u00e9es sur notre site internet. Il est donc conseill\u00e9 \u00e0 nos clients de les consulter r\u00e9guli\u00e8rement.\n<h3 data-start=\"914\" data-end=\"944\"><strong data-start=\"918\" data-end=\"942\">2. Services propos\u00e9s<\/strong><\/h3>\n<strong data-start=\"945\" data-end=\"966\">Hammerheadproject<\/strong> propose les services suivants :\n<ul data-start=\"1002\" data-end=\"1219\">\n<li data-start=\"1002\" data-end=\"1050\">Location de v\u00e9hicules (quads, motos, scooters)<\/li>\n<li data-start=\"1051\" data-end=\"1094\"><strong data-start=\"1053\" data-end=\"1071\">Powder coating<\/strong> (rev\u00eatement de poudre)<\/li>\n<li data-start=\"1095\" data-end=\"1142\"><strong data-start=\"1097\" data-end=\"1116\">VIP Guided Tour<\/strong> (visites guid\u00e9es priv\u00e9es)<\/li>\n<li data-start=\"1143\" data-end=\"1187\"><strong data-start=\"1145\" data-end=\"1165\">Airport transfer<\/strong> (transferts a\u00e9roport)<\/li>\n<li data-start=\"1188\" data-end=\"1219\">Vente de v\u00e9hicules d&rsquo;occasion<\/li>\n<\/ul>\n<h3 data-start=\"1226\" data-end=\"1257\"><strong data-start=\"1230\" data-end=\"1255\">3. Tarifs et paiement<\/strong><\/h3>\nLes prix de nos services sont indiqu\u00e9s en euros (EUR) sur notre site internet ou dans nos devis. Ces prix peuvent varier en fonction des saisons, des cr\u00e9neaux horaires ou des promotions en cours. Les prix des services sont hors taxes et comprennent la TVA applicable au moment de la r\u00e9servation.\nLes r\u00e9servations doivent \u00eatre accompagn\u00e9es d&rsquo;un paiement partiel ou total par carte bancaire (Visa, Mastercard). Une caution variant entre 350 &amp; 450 EUR (en fonction du v\u00e9hicule choisie) est demand\u00e9e pour la location de v\u00e9hicules, et sera pr\u00e9lev\u00e9e au moment de la r\u00e9servation. Cette caution sera restitu\u00e9e sous r\u00e9serve de l&rsquo;\u00e9tat du v\u00e9hicule apr\u00e8s la p\u00e9riode de location.\nLe paiement peut \u00eatre effectu\u00e9 par carte bancaire, virement bancaire ou tout autre mode de paiement propos\u00e9 sur notre site.\n<h3 data-start=\"2006\" data-end=\"2057\"><strong data-start=\"2010\" data-end=\"2055\">4. R\u00e9servation et conditions d&rsquo;annulation<\/strong><\/h3>\n<ul data-start=\"2058\" data-end=\"2493\">\n<li data-start=\"2058\" data-end=\"2221\"><strong data-start=\"2060\" data-end=\"2075\">R\u00e9servation<\/strong> : Une r\u00e9servation est valid\u00e9e une fois que nous avons re\u00e7u le paiement et les documents n\u00e9cessaires (carte d&rsquo;identit\u00e9, permis de conduire, etc.).<\/li>\n<li data-start=\"2222\" data-end=\"2493\"><strong data-start=\"2224\" data-end=\"2238\">Annulation<\/strong> : En cas d&rsquo;annulation par le client, la politique d&rsquo;annulation est la suivante :\n<ul data-start=\"2324\" data-end=\"2493\">\n<li data-start=\"2324\" data-end=\"2415\">Annulation plus de 15 jours avant la r\u00e9servation : remboursement de 100% du montant pay\u00e9.<\/li>\n<li data-start=\"2418\" data-end=\"2493\">Annulation moins de 15 jours avant la r\u00e9servation : aucun remboursement.<\/li>\n<\/ul>\n<\/li>\n<\/ul>\nEn cas d&rsquo;absence du client \u00e0 l&rsquo;heure de la r\u00e9servation, aucun remboursement ne sera effectu\u00e9.\nSi les conditions de r\u00e9servation ne sont pas remplies (par exemple, documents manquants), <strong data-start=\"2680\" data-end=\"2701\">Hammerheadproject<\/strong> se r\u00e9serve le droit d&rsquo;annuler la prestation sans remboursement.\n<h3 data-start=\"2772\" data-end=\"2806\"><strong data-start=\"2776\" data-end=\"2804\">5. Obligations du client<\/strong><\/h3>\nLe client s&rsquo;engage \u00e0 respecter toutes les instructions donn\u00e9es par <strong data-start=\"2874\" data-end=\"2895\">Hammerheadproject<\/strong> ou par nos instructeurs\/guide. Toute non-observance des r\u00e8gles de s\u00e9curit\u00e9 pourra entra\u00eener l&rsquo;annulation imm\u00e9diate de la prestation, sans droit \u00e0 remboursement.\nLe client doit \u00e9galement s&rsquo;assurer d&rsquo;avoir les documents n\u00e9cessaires \u00e0 la prestation (carte d&rsquo;identit\u00e9, permis de conduire, etc.). En cas d&rsquo;oubli de ces documents, la prestation sera annul\u00e9e sans remboursement.\nL&rsquo;\u00e2ge minimum pour r\u00e9server un v\u00e9hicule est de 21 ans et l&rsquo;\u00e2ge maximum est de 71 ans.\n<h3 data-start=\"3364\" data-end=\"3391\"><strong data-start=\"3368\" data-end=\"3389\">6. Responsabilit\u00e9<\/strong><\/h3>\n<strong data-start=\"3392\" data-end=\"3413\">Hammerheadproject<\/strong> ne pourra \u00eatre tenu responsable des dommages caus\u00e9s lors de l&rsquo;utilisation des v\u00e9hicules lou\u00e9s, des visites guid\u00e9es ou de tout autre service, sauf en cas de n\u00e9gligence av\u00e9r\u00e9e de notre part. Il est de la responsabilit\u00e9 du client de respecter les consignes de s\u00e9curit\u00e9, de rouler prudemment et d&rsquo;utiliser les \u00e9quipements fournis avec nos services.\nNous d\u00e9clinons toute responsabilit\u00e9 en cas de vol, perte ou dommages aux effets personnels du client pendant l&rsquo;utilisation des services.\n<h3 data-start=\"3903\" data-end=\"3940\"><strong data-start=\"3907\" data-end=\"3938\">7. Propri\u00e9t\u00e9 intellectuelle<\/strong><\/h3>\nTous les contenus pr\u00e9sents sur le site <strong data-start=\"3980\" data-end=\"4001\">Hammerheadproject<\/strong> (textes, images, logos, graphismes, etc.) sont la propri\u00e9t\u00e9 exclusive de <strong data-start=\"4075\" data-end=\"4096\">Hammerheadproject<\/strong> et sont prot\u00e9g\u00e9s par des droits d&rsquo;auteur. Toute reproduction ou utilisation non autoris\u00e9e de ces \u00e9l\u00e9ments est interdite.\n<h3 data-start=\"4224\" data-end=\"4284\"><strong data-start=\"4228\" data-end=\"4282\">8. Modifications des Conditions G\u00e9n\u00e9rales de Vente<\/strong><\/h3>\n<strong data-start=\"4285\" data-end=\"4306\">Hammerheadproject<\/strong> se r\u00e9serve le droit de modifier les pr\u00e9sentes Conditions G\u00e9n\u00e9rales de Vente \u00e0 tout moment. Les nouvelles CGV entreront en vigueur d\u00e8s leur publication sur notre site internet. Nous encourageons nos clients \u00e0 consulter r\u00e9guli\u00e8rement les CGV pour toute mise \u00e0 jour.\n<h3 data-start=\"4577\" data-end=\"4632\"><strong data-start=\"4581\" data-end=\"4630\">9. Droit applicable et juridiction comp\u00e9tente<\/strong><\/h3>\nLes pr\u00e9sentes Conditions G\u00e9n\u00e9rales de Vente sont soumises au droit maltais. En cas de litige, le tribunal comp\u00e9tent sera celui de Gozo, Malte.\n<h3 data-start=\"4782\" data-end=\"4803\"><strong data-start=\"4786\" data-end=\"4801\">10. Contact<\/strong><\/h3>\nPour toute question concernant nos services ou ces Conditions G\u00e9n\u00e9rales de Vente, vous pouvez nous contacter :\n<ul data-start=\"4917\" data-end=\"5067\">\n<li data-start=\"4917\" data-end=\"4961\"><strong data-start=\"4919\" data-end=\"4928\">Email<\/strong> : contact@hammerheadprojects.com<\/li>\n<li data-start=\"4962\" data-end=\"5024\"><strong data-start=\"4964\" data-end=\"4987\">Num\u00e9ro de t\u00e9l\u00e9phone<\/strong> : (+356) 99507956 ou (+356) 79810008<\/li>\n<li data-start=\"5025\" data-end=\"5067\"><strong data-start=\"5027\" data-end=\"5038\">Adresse<\/strong> : Mgarr Road<br \/>\nXewkija XWK9021<br \/>\nGOZO (Malta)<\/li>\n<\/ul>\n\n","protected":false},"excerpt":{"rendered":"<p>Conditions G\u00e9n\u00e9rales de Vente (CGV) de Hammerheadproject Derni\u00e8re mise \u00e0 jour : [Date]Les pr\u00e9sentes Conditions G\u00e9n\u00e9rales de Vente r\u00e9gissent les ventes de services propos\u00e9es par Hammerheadproject (ci-apr\u00e8s d\u00e9nomm\u00e9e \u00ab\u00a0nous\u00a0\u00bb, \u00ab\u00a0notre\u00a0\u00bb, \u00ab\u00a0notre entreprise\u00a0\u00bb) via notre site internet ou par tout autre moyen de communication. 1. Acceptation des Conditions G\u00e9n\u00e9rales de Vente Toute commande pass\u00e9e aupr\u00e8s de&hellip;<\/p>\n","protected":false},"author":1,"featured_media":0,"parent":0,"menu_order":0,"comment_status":"closed","ping_status":"closed","template":"","meta":{"_acf_changed":false,"footnotes":""},"class_list":["post-313","page","type-page","status-publish","hentry"],"acf":[],"yoast_head":"<!-- This site is optimized with the Yoast SEO plugin v27.4 - https:\/\/yoast.com\/product\/yoast-seo-wordpress\/ -->\n<title>Conditions g\u00e9n\u00e9rales de ventes - Hammerhead Projects<\/title>\n<meta name=\"robots\" content=\"index, follow, max-snippet:-1, max-image-preview:large, max-video-preview:-1\" \/>\n<link rel=\"canonical\" href=\"https:\/\/hammerheadprojects.com\/fr\/conditions-generales-de-ventes\/\" \/>\n<meta property=\"og:locale\" content=\"fr_FR\" \/>\n<meta property=\"og:type\" content=\"article\" \/>\n<meta property=\"og:title\" content=\"Conditions g\u00e9n\u00e9rales de ventes - Hammerhead Projects\" \/>\n<meta property=\"og:description\" content=\"Conditions G\u00e9n\u00e9rales de Vente (CGV) de Hammerheadproject Derni\u00e8re mise \u00e0 jour : [Date]Les pr\u00e9sentes Conditions G\u00e9n\u00e9rales de Vente r\u00e9gissent les ventes de services propos\u00e9es par Hammerheadproject (ci-apr\u00e8s d\u00e9nomm\u00e9e \u00ab\u00a0nous\u00a0\u00bb, \u00ab\u00a0notre\u00a0\u00bb, \u00ab\u00a0notre entreprise\u00a0\u00bb) via notre site internet ou par tout autre moyen de communication. 1. Acceptation des Conditions G\u00e9n\u00e9rales de Vente Toute commande pass\u00e9e aupr\u00e8s de&hellip;\" \/>\n<meta property=\"og:url\" content=\"https:\/\/hammerheadprojects.com\/fr\/conditions-generales-de-ventes\/\" \/>\n<meta property=\"og:site_name\" content=\"Hammerhead Projects\" \/>\n<meta property=\"article:modified_time\" content=\"2025-05-15T15:13:22+00:00\" \/>\n<meta name=\"twitter:card\" content=\"summary_large_image\" \/>\n<meta name=\"twitter:label1\" content=\"Dur\u00e9e de lecture estim\u00e9e\" \/>\n\t<meta name=\"twitter:data1\" content=\"4 minutes\" \/>\n<script type=\"application\/ld+json\" class=\"yoast-schema-graph\">{\"@context\":\"https:\\\/\\\/schema.org\",\"@graph\":[{\"@type\":\"WebPage\",\"@id\":\"https:\\\/\\\/hammerheadprojects.com\\\/fr\\\/conditions-generales-de-ventes\\\/\",\"url\":\"https:\\\/\\\/hammerheadprojects.com\\\/fr\\\/conditions-generales-de-ventes\\\/\",\"name\":\"Conditions g\u00e9n\u00e9rales de ventes - Hammerhead Projects\",\"isPartOf\":{\"@id\":\"https:\\\/\\\/hammerheadprojects.com\\\/fr\\\/#website\"},\"datePublished\":\"2025-03-07T11:04:42+00:00\",\"dateModified\":\"2025-05-15T15:13:22+00:00\",\"breadcrumb\":{\"@id\":\"https:\\\/\\\/hammerheadprojects.com\\\/fr\\\/conditions-generales-de-ventes\\\/#breadcrumb\"},\"inLanguage\":\"fr-FR\",\"potentialAction\":[{\"@type\":\"ReadAction\",\"target\":[\"https:\\\/\\\/hammerheadprojects.com\\\/fr\\\/conditions-generales-de-ventes\\\/\"]}]},{\"@type\":\"BreadcrumbList\",\"@id\":\"https:\\\/\\\/hammerheadprojects.com\\\/fr\\\/conditions-generales-de-ventes\\\/#breadcrumb\",\"itemListElement\":[{\"@type\":\"ListItem\",\"position\":1,\"name\":\"Accueil\",\"item\":\"https:\\\/\\\/hammerheadprojects.com\\\/fr\\\/\"},{\"@type\":\"ListItem\",\"position\":2,\"name\":\"Conditions g\u00e9n\u00e9rales de ventes\"}]},{\"@type\":\"WebSite\",\"@id\":\"https:\\\/\\\/hammerheadprojects.com\\\/fr\\\/#website\",\"url\":\"https:\\\/\\\/hammerheadprojects.com\\\/fr\\\/\",\"name\":\"Hammerhead Projects\",\"description\":\"Pour une exp\u00e9rience incroyable !\",\"potentialAction\":[{\"@type\":\"SearchAction\",\"target\":{\"@type\":\"EntryPoint\",\"urlTemplate\":\"https:\\\/\\\/hammerheadprojects.com\\\/fr\\\/?s={search_term_string}\"},\"query-input\":{\"@type\":\"PropertyValueSpecification\",\"valueRequired\":true,\"valueName\":\"search_term_string\"}}],\"inLanguage\":\"fr-FR\"}]}<\/script>\n<!-- \/ Yoast SEO plugin. -->","yoast_head_json":{"title":"Conditions g\u00e9n\u00e9rales de ventes - Hammerhead Projects","robots":{"index":"index","follow":"follow","max-snippet":"max-snippet:-1","max-image-preview":"max-image-preview:large","max-video-preview":"max-video-preview:-1"},"canonical":"https:\/\/hammerheadprojects.com\/fr\/conditions-generales-de-ventes\/","og_locale":"fr_FR","og_type":"article","og_title":"Conditions g\u00e9n\u00e9rales de ventes - Hammerhead Projects","og_description":"Conditions G\u00e9n\u00e9rales de Vente (CGV) de Hammerheadproject Derni\u00e8re mise \u00e0 jour : [Date]Les pr\u00e9sentes Conditions G\u00e9n\u00e9rales de Vente r\u00e9gissent les ventes de services propos\u00e9es par Hammerheadproject (ci-apr\u00e8s d\u00e9nomm\u00e9e \u00ab\u00a0nous\u00a0\u00bb, \u00ab\u00a0notre\u00a0\u00bb, \u00ab\u00a0notre entreprise\u00a0\u00bb) via notre site internet ou par tout autre moyen de communication. 1. Acceptation des Conditions G\u00e9n\u00e9rales de Vente Toute commande pass\u00e9e aupr\u00e8s de&hellip;","og_url":"https:\/\/hammerheadprojects.com\/fr\/conditions-generales-de-ventes\/","og_site_name":"Hammerhead Projects","article_modified_time":"2025-05-15T15:13:22+00:00","twitter_card":"summary_large_image","twitter_misc":{"Dur\u00e9e de lecture estim\u00e9e":"4 minutes"},"schema":{"@context":"https:\/\/schema.org","@graph":[{"@type":"WebPage","@id":"https:\/\/hammerheadprojects.com\/fr\/conditions-generales-de-ventes\/","url":"https:\/\/hammerheadprojects.com\/fr\/conditions-generales-de-ventes\/","name":"Conditions g\u00e9n\u00e9rales de ventes - Hammerhead Projects","isPartOf":{"@id":"https:\/\/hammerheadprojects.com\/fr\/#website"},"datePublished":"2025-03-07T11:04:42+00:00","dateModified":"2025-05-15T15:13:22+00:00","breadcrumb":{"@id":"https:\/\/hammerheadprojects.com\/fr\/conditions-generales-de-ventes\/#breadcrumb"},"inLanguage":"fr-FR","potentialAction":[{"@type":"ReadAction","target":["https:\/\/hammerheadprojects.com\/fr\/conditions-generales-de-ventes\/"]}]},{"@type":"BreadcrumbList","@id":"https:\/\/hammerheadprojects.com\/fr\/conditions-generales-de-ventes\/#breadcrumb","itemListElement":[{"@type":"ListItem","position":1,"name":"Accueil","item":"https:\/\/hammerheadprojects.com\/fr\/"},{"@type":"ListItem","position":2,"name":"Conditions g\u00e9n\u00e9rales de ventes"}]},{"@type":"WebSite","@id":"https:\/\/hammerheadprojects.com\/fr\/#website","url":"https:\/\/hammerheadprojects.com\/fr\/","name":"Hammerhead Projects","description":"Pour une exp\u00e9rience incroyable !","potentialAction":[{"@type":"SearchAction","target":{"@type":"EntryPoint","urlTemplate":"https:\/\/hammerheadprojects.com\/fr\/?s={search_term_string}"},"query-input":{"@type":"PropertyValueSpecification","valueRequired":true,"valueName":"search_term_string"}}],"inLanguage":"fr-FR"}]}},"_links":{"self":[{"href":"https:\/\/hammerheadprojects.com\/fr\/wp-json\/wp\/v2\/pages\/313","targetHints":{"allow":["GET"]}}],"collection":[{"href":"https:\/\/hammerheadprojects.com\/fr\/wp-json\/wp\/v2\/pages"}],"about":[{"href":"https:\/\/hammerheadprojects.com\/fr\/wp-json\/wp\/v2\/types\/page"}],"author":[{"embeddable":true,"href":"https:\/\/hammerheadprojects.com\/fr\/wp-json\/wp\/v2\/users\/1"}],"replies":[{"embeddable":true,"href":"https:\/\/hammerheadprojects.com\/fr\/wp-json\/wp\/v2\/comments?post=313"}],"version-history":[{"count":6,"href":"https:\/\/hammerheadprojects.com\/fr\/wp-json\/wp\/v2\/pages\/313\/revisions"}],"predecessor-version":[{"id":1621,"href":"https:\/\/hammerheadprojects.com\/fr\/wp-json\/wp\/v2\/pages\/313\/revisions\/1621"}],"wp:attachment":[{"href":"https:\/\/hammerheadprojects.com\/fr\/wp-json\/wp\/v2\/media?parent=313"}],"curies":[{"name":"wp","href":"https:\/\/api.w.org\/{rel}","templated":true}]}}