{"id":315,"date":"2025-03-07T11:04:54","date_gmt":"2025-03-07T11:04:54","guid":{"rendered":"https:\/\/hammerheadprojects.com\/?page_id=315"},"modified":"2025-05-15T15:13:32","modified_gmt":"2025-05-15T15:13:32","slug":"conditions-generales-dutilisations","status":"publish","type":"page","link":"https:\/\/hammerheadprojects.com\/fr\/conditions-generales-dutilisations\/","title":{"rendered":"Conditions g\u00e9n\u00e9rales d&rsquo;utilisations"},"content":{"rendered":"\n<h2>\n\t\tConditions G\u00e9n\u00e9rales d&rsquo;Utilisation (CGU) de Hammerheadproject\n\t<\/h2>\n\t<strong data-start=\"289\" data-end=\"322\">Derni\u00e8re mise \u00e0 jour : 11\/03\/2025<\/strong>\n<strong data-start=\"324\" data-end=\"343\">1. Introduction<\/strong>\nLes pr\u00e9sentes conditions g\u00e9n\u00e9rales d&rsquo;utilisation (CGU) r\u00e9gissent l&rsquo;acc\u00e8s et l&rsquo;utilisation des services fournis par <strong data-start=\"460\" data-end=\"481\">Hammerheadproject<\/strong>. En utilisant nos services, vous acceptez sans r\u00e9serve les conditions d\u00e9crites ci-dessous. Si vous n&rsquo;acceptez pas ces conditions, vous ne devez pas utiliser nos services.\n<strong data-start=\"654\" data-end=\"680\">2. Activit\u00e9s propos\u00e9es<\/strong>\n<strong data-start=\"682\" data-end=\"703\">Hammerheadproject<\/strong> propose les services suivants :\n<ul data-start=\"737\" data-end=\"860\">\n<li data-start=\"737\" data-end=\"782\">Location de v\u00e9hicules (quad, moto, scooter)<\/li>\n<li data-start=\"783\" data-end=\"815\">Services de <strong data-start=\"797\" data-end=\"815\">powder coating<\/strong><\/li>\n<li data-start=\"816\" data-end=\"837\"><strong data-start=\"818\" data-end=\"837\">VIP Guided Tour<\/strong><\/li>\n<li data-start=\"838\" data-end=\"860\"><strong data-start=\"840\" data-end=\"860\">Airport Transfer<\/strong><\/li>\n<\/ul>\nNous offrons ces services principalement aux particuliers, ainsi qu&rsquo;aux locaux pour certaines prestations (comme le <strong data-start=\"978\" data-end=\"996\">powder coating<\/strong> et la vente de v\u00e9hicules).\n<strong data-start=\"1025\" data-end=\"1050\">3. Acc\u00e8s aux services<\/strong>\nLes utilisateurs peuvent acc\u00e9der \u00e0 nos services via notre site internet ou en nous contactant par t\u00e9l\u00e9phone ou email.\n<strong data-start=\"1171\" data-end=\"1202\">4. Conditions d&rsquo;inscription<\/strong>\n<ul data-start=\"1204\" data-end=\"1514\">\n<li data-start=\"1204\" data-end=\"1279\"><strong data-start=\"1206\" data-end=\"1221\">\u00c2ge minimum<\/strong> : 21 ans et maximum 71 ans pour la location de v\u00e9hicules.<\/li>\n<li data-start=\"1280\" data-end=\"1427\"><strong data-start=\"1282\" data-end=\"1307\">Documents n\u00e9cessaires<\/strong> : Les utilisateurs doivent fournir une carte d&rsquo;identit\u00e9 valide et un permis de conduire pour la location de v\u00e9hicules.<\/li>\n<li data-start=\"1428\" data-end=\"1511\"><strong data-start=\"1430\" data-end=\"1441\">Caution<\/strong> : Une carte Visa ou Mastercard est requise pour une caution variant entre 350\u20ac &amp; 450 \u20ac en fonction du v\u00e9hicule choisie.<\/li>\n<\/ul>\n<strong data-start=\"1515\" data-end=\"1607\">En cas de non-pr\u00e9sentation de ces documents, l&rsquo;activit\u00e9 sera annul\u00e9e sans remboursement.<\/strong>\n<strong data-start=\"1609\" data-end=\"1644\">5. Obligations des utilisateurs<\/strong>\n<ul data-start=\"1646\" data-end=\"1983\">\n<li data-start=\"1646\" data-end=\"1867\">Les utilisateurs doivent respecter les instructions des <strong data-start=\"1704\" data-end=\"1720\">instructeurs<\/strong> pendant toutes les activit\u00e9s. En cas de non-respect des instructions, l&rsquo;acc\u00e8s \u00e0 l&rsquo;activit\u00e9 pourra \u00eatre refus\u00e9 sans remboursement ni d\u00e9dommagement.<\/li>\n<li data-start=\"1868\" data-end=\"1983\">Si un utilisateur ne se pr\u00e9sente pas \u00e0 l&rsquo;activit\u00e9, il perdra son droit \u00e0 une prestation et ne sera pas rembours\u00e9.<\/li>\n<\/ul>\n<strong data-start=\"1985\" data-end=\"2016\">6. Propri\u00e9t\u00e9 intellectuelle<\/strong>\nTout le contenu du site internet de <strong data-start=\"2054\" data-end=\"2075\">Hammerheadproject<\/strong>, y compris mais sans s&rsquo;y limiter, les textes, images, logos, marques, et tout autre \u00e9l\u00e9ment, sont la propri\u00e9t\u00e9 exclusive de <strong data-start=\"2200\" data-end=\"2221\">Hammerheadproject<\/strong> et sont prot\u00e9g\u00e9s par les lois de la propri\u00e9t\u00e9 intellectuelle.\n<strong data-start=\"2285\" data-end=\"2313\">7. Modifications des CGU<\/strong>\nLes pr\u00e9sentes conditions peuvent \u00eatre modifi\u00e9es \u00e0 tout moment sans pr\u00e9avis. Toute modification sera publi\u00e9e directement sur le site internet et peut \u00eatre notifi\u00e9e lors de l&rsquo;activit\u00e9 ou par email.\n<strong data-start=\"2512\" data-end=\"2533\">8. Responsabilit\u00e9<\/strong>\n<ul data-start=\"2535\" data-end=\"2836\">\n<li data-start=\"2535\" data-end=\"2643\"><strong data-start=\"2537\" data-end=\"2558\">Hammerheadproject<\/strong> d\u00e9cline toute responsabilit\u00e9 en cas de probl\u00e8me li\u00e9 \u00e0 l&rsquo;utilisation de nos services.<\/li>\n<li data-start=\"2644\" data-end=\"2836\">Les utilisateurs doivent conserver leur ticket et leur preuve de paiement en cas de contestation. En cas de perte de ces documents, <strong data-start=\"2778\" data-end=\"2799\">Hammerheadproject<\/strong> ne pourra pas \u00eatre tenu responsable.<\/li>\n<\/ul>\n<strong data-start=\"2838\" data-end=\"2887\">9. Politique de confidentialit\u00e9 et de cookies<\/strong>\nNous respectons votre vie priv\u00e9e et traitons vos donn\u00e9es conform\u00e9ment \u00e0 notre <a href=\"https:\/\/hammerheadprojects.com\/fr\/politique-de-confidentialite\/\"><strong data-start=\"2967\" data-end=\"2999\">politique de confidentialit\u00e9<\/strong>.<\/a>\n<strong data-start=\"3088\" data-end=\"3108\">10. Tarification<\/strong>\nLes prix des services sont indiqu\u00e9s sur le site internet de <strong data-start=\"3170\" data-end=\"3191\">Hammerheadproject<\/strong> et peuvent \u00eatre sujets \u00e0 des modifications sans pr\u00e9avis. Les prix peuvent \u00e9galement varier en fonction des saisons, des cr\u00e9neaux horaires, et des disponibilit\u00e9s.\nNous recommandons aux utilisateurs de v\u00e9rifier r\u00e9guli\u00e8rement les informations de tarification sur notre site.\n<strong data-start=\"3466\" data-end=\"3494\">11. Dur\u00e9e et r\u00e9siliation<\/strong>\nLes services sont fournis pour la dur\u00e9e de la prestation demand\u00e9e par l&rsquo;utilisateur. En cas de non-pr\u00e9sentation ou de violation des termes des CGU, la prestation pourra \u00eatre annul\u00e9e sans remboursement.\n<strong data-start=\"3699\" data-end=\"3734\">12. Droit applicable et litiges<\/strong>\nLes pr\u00e9sentes CGU sont soumises au droit maltais, et plus particuli\u00e8rement aux lois en vigueur sur l&rsquo;\u00eele de Gozo. En cas de litige, le tribunal comp\u00e9tent sera celui de <strong data-start=\"3904\" data-end=\"3912\">Gozo<\/strong>.\n<strong data-start=\"3915\" data-end=\"3941\">13. Contact et support<\/strong>\nPour toute question ou demande d&rsquo;informations, vous pouvez nous contacter via :\n<ul data-start=\"4024\" data-end=\"4146\">\n<li data-start=\"4024\" data-end=\"4071\"><strong data-start=\"4026\" data-end=\"4049\">Num\u00e9ro de t\u00e9l\u00e9phone<\/strong> : (+356) 99507956 ou (+356) 79810008<\/li>\n<li data-start=\"4072\" data-end=\"4103\"><strong data-start=\"4074\" data-end=\"4083\">Email<\/strong> : contact@hammerheadprojects.com<\/li>\n<li data-start=\"4104\" data-end=\"4146\"><strong data-start=\"4106\" data-end=\"4117\">Adresse<\/strong> : Mgarr Road<br \/>\nXewkija XWK9021<br \/>\nGOZO (Malta)<\/li>\n<\/ul>\n\n","protected":false},"excerpt":{"rendered":"<p>Conditions G\u00e9n\u00e9rales d&rsquo;Utilisation (CGU) de Hammerheadproject Derni\u00e8re mise \u00e0 jour : 11\/03\/2025 1. Introduction Les pr\u00e9sentes conditions g\u00e9n\u00e9rales d&rsquo;utilisation (CGU) r\u00e9gissent l&rsquo;acc\u00e8s et l&rsquo;utilisation des services fournis par Hammerheadproject. En utilisant nos services, vous acceptez sans r\u00e9serve les conditions d\u00e9crites ci-dessous. Si vous n&rsquo;acceptez pas ces conditions, vous ne devez pas utiliser nos services. 2.&hellip;<\/p>\n","protected":false},"author":1,"featured_media":0,"parent":0,"menu_order":0,"comment_status":"closed","ping_status":"closed","template":"","meta":{"_acf_changed":false,"footnotes":""},"class_list":["post-315","page","type-page","status-publish","hentry"],"acf":[],"yoast_head":"<!-- This site is optimized with the Yoast SEO plugin v27.4 - https:\/\/yoast.com\/product\/yoast-seo-wordpress\/ -->\n<title>Conditions g\u00e9n\u00e9rales d&#039;utilisations - Hammerhead Projects<\/title>\n<meta name=\"robots\" content=\"index, follow, max-snippet:-1, max-image-preview:large, max-video-preview:-1\" \/>\n<link rel=\"canonical\" href=\"https:\/\/hammerheadprojects.com\/fr\/conditions-generales-dutilisations\/\" \/>\n<meta property=\"og:locale\" content=\"fr_FR\" \/>\n<meta property=\"og:type\" content=\"article\" \/>\n<meta property=\"og:title\" content=\"Conditions g\u00e9n\u00e9rales d&#039;utilisations - Hammerhead Projects\" \/>\n<meta property=\"og:description\" content=\"Conditions G\u00e9n\u00e9rales d&rsquo;Utilisation (CGU) de Hammerheadproject Derni\u00e8re mise \u00e0 jour : 11\/03\/2025 1. Introduction Les pr\u00e9sentes conditions g\u00e9n\u00e9rales d&rsquo;utilisation (CGU) r\u00e9gissent l&rsquo;acc\u00e8s et l&rsquo;utilisation des services fournis par Hammerheadproject. En utilisant nos services, vous acceptez sans r\u00e9serve les conditions d\u00e9crites ci-dessous. Si vous n&rsquo;acceptez pas ces conditions, vous ne devez pas utiliser nos services. 2.&hellip;\" \/>\n<meta property=\"og:url\" content=\"https:\/\/hammerheadprojects.com\/fr\/conditions-generales-dutilisations\/\" \/>\n<meta property=\"og:site_name\" content=\"Hammerhead Projects\" \/>\n<meta property=\"article:modified_time\" content=\"2025-05-15T15:13:32+00:00\" \/>\n<meta name=\"twitter:card\" content=\"summary_large_image\" \/>\n<meta name=\"twitter:label1\" content=\"Dur\u00e9e de lecture estim\u00e9e\" \/>\n\t<meta name=\"twitter:data1\" content=\"3 minutes\" \/>\n<script type=\"application\/ld+json\" class=\"yoast-schema-graph\">{\"@context\":\"https:\\\/\\\/schema.org\",\"@graph\":[{\"@type\":\"WebPage\",\"@id\":\"https:\\\/\\\/hammerheadprojects.com\\\/fr\\\/conditions-generales-dutilisations\\\/\",\"url\":\"https:\\\/\\\/hammerheadprojects.com\\\/fr\\\/conditions-generales-dutilisations\\\/\",\"name\":\"Conditions g\u00e9n\u00e9rales d'utilisations - Hammerhead Projects\",\"isPartOf\":{\"@id\":\"https:\\\/\\\/hammerheadprojects.com\\\/fr\\\/#website\"},\"datePublished\":\"2025-03-07T11:04:54+00:00\",\"dateModified\":\"2025-05-15T15:13:32+00:00\",\"breadcrumb\":{\"@id\":\"https:\\\/\\\/hammerheadprojects.com\\\/fr\\\/conditions-generales-dutilisations\\\/#breadcrumb\"},\"inLanguage\":\"fr-FR\",\"potentialAction\":[{\"@type\":\"ReadAction\",\"target\":[\"https:\\\/\\\/hammerheadprojects.com\\\/fr\\\/conditions-generales-dutilisations\\\/\"]}]},{\"@type\":\"BreadcrumbList\",\"@id\":\"https:\\\/\\\/hammerheadprojects.com\\\/fr\\\/conditions-generales-dutilisations\\\/#breadcrumb\",\"itemListElement\":[{\"@type\":\"ListItem\",\"position\":1,\"name\":\"Accueil\",\"item\":\"https:\\\/\\\/hammerheadprojects.com\\\/fr\\\/\"},{\"@type\":\"ListItem\",\"position\":2,\"name\":\"Conditions g\u00e9n\u00e9rales d&rsquo;utilisations\"}]},{\"@type\":\"WebSite\",\"@id\":\"https:\\\/\\\/hammerheadprojects.com\\\/fr\\\/#website\",\"url\":\"https:\\\/\\\/hammerheadprojects.com\\\/fr\\\/\",\"name\":\"Hammerhead Projects\",\"description\":\"Pour une exp\u00e9rience incroyable !\",\"potentialAction\":[{\"@type\":\"SearchAction\",\"target\":{\"@type\":\"EntryPoint\",\"urlTemplate\":\"https:\\\/\\\/hammerheadprojects.com\\\/fr\\\/?s={search_term_string}\"},\"query-input\":{\"@type\":\"PropertyValueSpecification\",\"valueRequired\":true,\"valueName\":\"search_term_string\"}}],\"inLanguage\":\"fr-FR\"}]}<\/script>\n<!-- \/ Yoast SEO plugin. -->","yoast_head_json":{"title":"Conditions g\u00e9n\u00e9rales d'utilisations - Hammerhead Projects","robots":{"index":"index","follow":"follow","max-snippet":"max-snippet:-1","max-image-preview":"max-image-preview:large","max-video-preview":"max-video-preview:-1"},"canonical":"https:\/\/hammerheadprojects.com\/fr\/conditions-generales-dutilisations\/","og_locale":"fr_FR","og_type":"article","og_title":"Conditions g\u00e9n\u00e9rales d'utilisations - Hammerhead Projects","og_description":"Conditions G\u00e9n\u00e9rales d&rsquo;Utilisation (CGU) de Hammerheadproject Derni\u00e8re mise \u00e0 jour : 11\/03\/2025 1. Introduction Les pr\u00e9sentes conditions g\u00e9n\u00e9rales d&rsquo;utilisation (CGU) r\u00e9gissent l&rsquo;acc\u00e8s et l&rsquo;utilisation des services fournis par Hammerheadproject. En utilisant nos services, vous acceptez sans r\u00e9serve les conditions d\u00e9crites ci-dessous. Si vous n&rsquo;acceptez pas ces conditions, vous ne devez pas utiliser nos services. 2.&hellip;","og_url":"https:\/\/hammerheadprojects.com\/fr\/conditions-generales-dutilisations\/","og_site_name":"Hammerhead Projects","article_modified_time":"2025-05-15T15:13:32+00:00","twitter_card":"summary_large_image","twitter_misc":{"Dur\u00e9e de lecture estim\u00e9e":"3 minutes"},"schema":{"@context":"https:\/\/schema.org","@graph":[{"@type":"WebPage","@id":"https:\/\/hammerheadprojects.com\/fr\/conditions-generales-dutilisations\/","url":"https:\/\/hammerheadprojects.com\/fr\/conditions-generales-dutilisations\/","name":"Conditions g\u00e9n\u00e9rales d'utilisations - Hammerhead Projects","isPartOf":{"@id":"https:\/\/hammerheadprojects.com\/fr\/#website"},"datePublished":"2025-03-07T11:04:54+00:00","dateModified":"2025-05-15T15:13:32+00:00","breadcrumb":{"@id":"https:\/\/hammerheadprojects.com\/fr\/conditions-generales-dutilisations\/#breadcrumb"},"inLanguage":"fr-FR","potentialAction":[{"@type":"ReadAction","target":["https:\/\/hammerheadprojects.com\/fr\/conditions-generales-dutilisations\/"]}]},{"@type":"BreadcrumbList","@id":"https:\/\/hammerheadprojects.com\/fr\/conditions-generales-dutilisations\/#breadcrumb","itemListElement":[{"@type":"ListItem","position":1,"name":"Accueil","item":"https:\/\/hammerheadprojects.com\/fr\/"},{"@type":"ListItem","position":2,"name":"Conditions g\u00e9n\u00e9rales d&rsquo;utilisations"}]},{"@type":"WebSite","@id":"https:\/\/hammerheadprojects.com\/fr\/#website","url":"https:\/\/hammerheadprojects.com\/fr\/","name":"Hammerhead Projects","description":"Pour une exp\u00e9rience incroyable !","potentialAction":[{"@type":"SearchAction","target":{"@type":"EntryPoint","urlTemplate":"https:\/\/hammerheadprojects.com\/fr\/?s={search_term_string}"},"query-input":{"@type":"PropertyValueSpecification","valueRequired":true,"valueName":"search_term_string"}}],"inLanguage":"fr-FR"}]}},"_links":{"self":[{"href":"https:\/\/hammerheadprojects.com\/fr\/wp-json\/wp\/v2\/pages\/315","targetHints":{"allow":["GET"]}}],"collection":[{"href":"https:\/\/hammerheadprojects.com\/fr\/wp-json\/wp\/v2\/pages"}],"about":[{"href":"https:\/\/hammerheadprojects.com\/fr\/wp-json\/wp\/v2\/types\/page"}],"author":[{"embeddable":true,"href":"https:\/\/hammerheadprojects.com\/fr\/wp-json\/wp\/v2\/users\/1"}],"replies":[{"embeddable":true,"href":"https:\/\/hammerheadprojects.com\/fr\/wp-json\/wp\/v2\/comments?post=315"}],"version-history":[{"count":7,"href":"https:\/\/hammerheadprojects.com\/fr\/wp-json\/wp\/v2\/pages\/315\/revisions"}],"predecessor-version":[{"id":1622,"href":"https:\/\/hammerheadprojects.com\/fr\/wp-json\/wp\/v2\/pages\/315\/revisions\/1622"}],"wp:attachment":[{"href":"https:\/\/hammerheadprojects.com\/fr\/wp-json\/wp\/v2\/media?parent=315"}],"curies":[{"name":"wp","href":"https:\/\/api.w.org\/{rel}","templated":true}]}}