{"id":317,"date":"2025-03-07T11:05:05","date_gmt":"2025-03-07T11:05:05","guid":{"rendered":"https:\/\/hammerheadprojects.com\/?page_id=317"},"modified":"2025-05-15T15:12:09","modified_gmt":"2025-05-15T15:12:09","slug":"mentions-legales","status":"publish","type":"page","link":"https:\/\/hammerheadprojects.com\/fr\/mentions-legales\/","title":{"rendered":"Mentions l\u00e9gales"},"content":{"rendered":"\n<h2>\n\t\tMentions L\u00e9gales &#8211; Hammerheadproject\n\t<\/h2>\n\t<strong data-start=\"139\" data-end=\"164\">Nom de l&rsquo;entreprise :<\/strong><br data-start=\"164\" data-end=\"167\" \/>Hammerheadproject\n<strong data-start=\"186\" data-end=\"207\">Forme juridique :<\/strong><br data-start=\"207\" data-end=\"210\" \/>SARL\n<strong data-start=\"288\" data-end=\"306\">Si\u00e8ge social :<\/strong><br data-start=\"306\" data-end=\"309\" \/>Mgarr Road<br \/>\nXewkija XWK9021<br \/>\nGOZO (Malta)\n<strong data-start=\"356\" data-end=\"385\">Num\u00e9ro d&rsquo;enregistrement :<\/strong><br data-start=\"385\" data-end=\"388\" \/>MT 2231-7235\n<strong data-start=\"486\" data-end=\"524\">Num\u00e9ro de TVA intracommunautaire :<\/strong><br data-start=\"524\" data-end=\"527\" \/>MT 2231-7235\n<strong data-start=\"571\" data-end=\"604\">Directeur de la publication :<\/strong><br data-start=\"604\" data-end=\"607\" \/>Charlotte Delavoix\n<strong data-start=\"843\" data-end=\"866\">H\u00e9bergeur du site :<\/strong><br data-start=\"866\" data-end=\"869\" \/>OVH<br data-start=\"872\" data-end=\"875\" \/>2 Rue Kellermann,<br data-start=\"892\" data-end=\"895\" \/>59100 Roubaix, France<br data-start=\"916\" data-end=\"919\" \/>Num\u00e9ro de t\u00e9l\u00e9phone : +33 9 72 10 10 07<br data-start=\"958\" data-end=\"961\" \/>Site web : <a href=\"https:\/\/www.ovh.com\" target=\"_new\" rel=\"noopener\" data-start=\"972\" data-end=\"1006\">www.ovh.com<\/a>\n<strong data-start=\"1008\" data-end=\"1038\">Propri\u00e9t\u00e9 intellectuelle :<\/strong><br data-start=\"1038\" data-end=\"1041\" \/>Le contenu du site Hammerheadproject, y compris les textes, images, graphiques, logos, vid\u00e9os, et tout autre \u00e9l\u00e9ment, est prot\u00e9g\u00e9 par les lois sur la propri\u00e9t\u00e9 intellectuelle et est la propri\u00e9t\u00e9 exclusive de Hammerheadproject, sauf mention contraire. Toute reproduction ou utilisation des contenus du site sans l&rsquo;autorisation pr\u00e9alable est strictement interdite.\n<strong data-start=\"1405\" data-end=\"1431\">Donn\u00e9es personnelles :<\/strong><br data-start=\"1431\" data-end=\"1434\" \/>Hammerheadproject collecte et traite vos donn\u00e9es personnelles conform\u00e9ment \u00e0 notre <strong data-start=\"1517\" data-end=\"1549\">Politique de confidentialit\u00e9<\/strong>. En visitant notre site ou en utilisant nos services, vous acceptez la collecte et l&rsquo;utilisation de vos informations personnelles conform\u00e9ment \u00e0 cette politique. Vous pouvez consulter notre <strong data-start=\"1740\" data-end=\"1772\">Politique de confidentialit\u00e9<\/strong> pour plus de d\u00e9tails.\n<strong data-start=\"1796\" data-end=\"1831\">Conditions g\u00e9n\u00e9rales de vente :<\/strong><br data-start=\"1831\" data-end=\"1834\" \/>Les services propos\u00e9s par Hammerheadproject sont soumis aux conditions g\u00e9n\u00e9rales de vente disponibles sur le site internet. En r\u00e9servant un service, vous acceptez ces conditions.\n<strong data-start=\"2014\" data-end=\"2027\">Cookies :<\/strong><br data-start=\"2027\" data-end=\"2030\" \/>Ce site utilise des cookies pour am\u00e9liorer votre exp\u00e9rience utilisateur, analyser l&rsquo;audience du site, et personnaliser le contenu. Vous pouvez g\u00e9rer vos pr\u00e9f\u00e9rences de cookies \u00e0 tout moment dans les param\u00e8tres de votre navigateur. Pour en savoir plus, consultez notre <strong data-start=\"2298\" data-end=\"2330\">Politique de confidentialit\u00e9<\/strong>.\n<strong data-start=\"2333\" data-end=\"2366\">Litiges et droit applicable :<\/strong><br data-start=\"2366\" data-end=\"2369\" \/>Les pr\u00e9sentes mentions l\u00e9gales sont r\u00e9gies par le droit maltais, en particulier les lois de Gozo. En cas de litige, les tribunaux comp\u00e9tents seront ceux de Malte.\n<strong data-start=\"2572\" data-end=\"2612\">Modifications des mentions l\u00e9gales :<\/strong><br data-start=\"2612\" data-end=\"2615\" \/>Hammerheadproject se r\u00e9serve le droit de modifier les pr\u00e9sentes mentions l\u00e9gales \u00e0 tout moment. Les utilisateurs seront inform\u00e9s de ces modifications par l&rsquo;interm\u00e9diaire du site internet.\n\n","protected":false},"excerpt":{"rendered":"<p>Mentions L\u00e9gales &#8211; Hammerheadproject Nom de l&rsquo;entreprise :Hammerheadproject Forme juridique :SARL Si\u00e8ge social :Mgarr Road Xewkija XWK9021 GOZO (Malta) Num\u00e9ro d&rsquo;enregistrement :MT 2231-7235 Num\u00e9ro de TVA intracommunautaire :MT 2231-7235 Directeur de la publication :Charlotte Delavoix H\u00e9bergeur du site :OVH2 Rue Kellermann,59100 Roubaix, FranceNum\u00e9ro de t\u00e9l\u00e9phone : +33 9 72 10 10 07Site web : www.ovh.com&hellip;<\/p>\n","protected":false},"author":1,"featured_media":0,"parent":0,"menu_order":0,"comment_status":"closed","ping_status":"closed","template":"","meta":{"_acf_changed":false,"footnotes":""},"class_list":["post-317","page","type-page","status-publish","hentry"],"acf":[],"yoast_head":"<!-- This site is optimized with the Yoast SEO plugin v27.4 - https:\/\/yoast.com\/product\/yoast-seo-wordpress\/ -->\n<title>Mentions l\u00e9gales - Hammerhead Projects<\/title>\n<meta name=\"robots\" content=\"index, follow, max-snippet:-1, max-image-preview:large, max-video-preview:-1\" \/>\n<link rel=\"canonical\" href=\"https:\/\/hammerheadprojects.com\/fr\/mentions-legales\/\" \/>\n<meta property=\"og:locale\" content=\"fr_FR\" \/>\n<meta property=\"og:type\" content=\"article\" \/>\n<meta property=\"og:title\" content=\"Mentions l\u00e9gales - Hammerhead Projects\" \/>\n<meta property=\"og:description\" content=\"Mentions L\u00e9gales &#8211; Hammerheadproject Nom de l&rsquo;entreprise :Hammerheadproject Forme juridique :SARL Si\u00e8ge social :Mgarr Road Xewkija XWK9021 GOZO (Malta) Num\u00e9ro d&rsquo;enregistrement :MT 2231-7235 Num\u00e9ro de TVA intracommunautaire :MT 2231-7235 Directeur de la publication :Charlotte Delavoix H\u00e9bergeur du site :OVH2 Rue Kellermann,59100 Roubaix, FranceNum\u00e9ro de t\u00e9l\u00e9phone : +33 9 72 10 10 07Site web : www.ovh.com&hellip;\" \/>\n<meta property=\"og:url\" content=\"https:\/\/hammerheadprojects.com\/fr\/mentions-legales\/\" \/>\n<meta property=\"og:site_name\" content=\"Hammerhead Projects\" \/>\n<meta property=\"article:modified_time\" content=\"2025-05-15T15:12:09+00:00\" \/>\n<meta name=\"twitter:card\" content=\"summary_large_image\" \/>\n<meta name=\"twitter:label1\" content=\"Dur\u00e9e de lecture estim\u00e9e\" \/>\n\t<meta name=\"twitter:data1\" content=\"2 minutes\" \/>\n<script type=\"application\/ld+json\" class=\"yoast-schema-graph\">{\"@context\":\"https:\\\/\\\/schema.org\",\"@graph\":[{\"@type\":\"WebPage\",\"@id\":\"https:\\\/\\\/hammerheadprojects.com\\\/fr\\\/mentions-legales\\\/\",\"url\":\"https:\\\/\\\/hammerheadprojects.com\\\/fr\\\/mentions-legales\\\/\",\"name\":\"Mentions l\u00e9gales - Hammerhead Projects\",\"isPartOf\":{\"@id\":\"https:\\\/\\\/hammerheadprojects.com\\\/fr\\\/#website\"},\"datePublished\":\"2025-03-07T11:05:05+00:00\",\"dateModified\":\"2025-05-15T15:12:09+00:00\",\"breadcrumb\":{\"@id\":\"https:\\\/\\\/hammerheadprojects.com\\\/fr\\\/mentions-legales\\\/#breadcrumb\"},\"inLanguage\":\"fr-FR\",\"potentialAction\":[{\"@type\":\"ReadAction\",\"target\":[\"https:\\\/\\\/hammerheadprojects.com\\\/fr\\\/mentions-legales\\\/\"]}]},{\"@type\":\"BreadcrumbList\",\"@id\":\"https:\\\/\\\/hammerheadprojects.com\\\/fr\\\/mentions-legales\\\/#breadcrumb\",\"itemListElement\":[{\"@type\":\"ListItem\",\"position\":1,\"name\":\"Accueil\",\"item\":\"https:\\\/\\\/hammerheadprojects.com\\\/fr\\\/\"},{\"@type\":\"ListItem\",\"position\":2,\"name\":\"Mentions l\u00e9gales\"}]},{\"@type\":\"WebSite\",\"@id\":\"https:\\\/\\\/hammerheadprojects.com\\\/fr\\\/#website\",\"url\":\"https:\\\/\\\/hammerheadprojects.com\\\/fr\\\/\",\"name\":\"Hammerhead Projects\",\"description\":\"Pour une exp\u00e9rience incroyable !\",\"potentialAction\":[{\"@type\":\"SearchAction\",\"target\":{\"@type\":\"EntryPoint\",\"urlTemplate\":\"https:\\\/\\\/hammerheadprojects.com\\\/fr\\\/?s={search_term_string}\"},\"query-input\":{\"@type\":\"PropertyValueSpecification\",\"valueRequired\":true,\"valueName\":\"search_term_string\"}}],\"inLanguage\":\"fr-FR\"}]}<\/script>\n<!-- \/ Yoast SEO plugin. -->","yoast_head_json":{"title":"Mentions l\u00e9gales - Hammerhead Projects","robots":{"index":"index","follow":"follow","max-snippet":"max-snippet:-1","max-image-preview":"max-image-preview:large","max-video-preview":"max-video-preview:-1"},"canonical":"https:\/\/hammerheadprojects.com\/fr\/mentions-legales\/","og_locale":"fr_FR","og_type":"article","og_title":"Mentions l\u00e9gales - Hammerhead Projects","og_description":"Mentions L\u00e9gales &#8211; Hammerheadproject Nom de l&rsquo;entreprise :Hammerheadproject Forme juridique :SARL Si\u00e8ge social :Mgarr Road Xewkija XWK9021 GOZO (Malta) Num\u00e9ro d&rsquo;enregistrement :MT 2231-7235 Num\u00e9ro de TVA intracommunautaire :MT 2231-7235 Directeur de la publication :Charlotte Delavoix H\u00e9bergeur du site :OVH2 Rue Kellermann,59100 Roubaix, FranceNum\u00e9ro de t\u00e9l\u00e9phone : +33 9 72 10 10 07Site web : www.ovh.com&hellip;","og_url":"https:\/\/hammerheadprojects.com\/fr\/mentions-legales\/","og_site_name":"Hammerhead Projects","article_modified_time":"2025-05-15T15:12:09+00:00","twitter_card":"summary_large_image","twitter_misc":{"Dur\u00e9e de lecture estim\u00e9e":"2 minutes"},"schema":{"@context":"https:\/\/schema.org","@graph":[{"@type":"WebPage","@id":"https:\/\/hammerheadprojects.com\/fr\/mentions-legales\/","url":"https:\/\/hammerheadprojects.com\/fr\/mentions-legales\/","name":"Mentions l\u00e9gales - Hammerhead Projects","isPartOf":{"@id":"https:\/\/hammerheadprojects.com\/fr\/#website"},"datePublished":"2025-03-07T11:05:05+00:00","dateModified":"2025-05-15T15:12:09+00:00","breadcrumb":{"@id":"https:\/\/hammerheadprojects.com\/fr\/mentions-legales\/#breadcrumb"},"inLanguage":"fr-FR","potentialAction":[{"@type":"ReadAction","target":["https:\/\/hammerheadprojects.com\/fr\/mentions-legales\/"]}]},{"@type":"BreadcrumbList","@id":"https:\/\/hammerheadprojects.com\/fr\/mentions-legales\/#breadcrumb","itemListElement":[{"@type":"ListItem","position":1,"name":"Accueil","item":"https:\/\/hammerheadprojects.com\/fr\/"},{"@type":"ListItem","position":2,"name":"Mentions l\u00e9gales"}]},{"@type":"WebSite","@id":"https:\/\/hammerheadprojects.com\/fr\/#website","url":"https:\/\/hammerheadprojects.com\/fr\/","name":"Hammerhead Projects","description":"Pour une exp\u00e9rience incroyable !","potentialAction":[{"@type":"SearchAction","target":{"@type":"EntryPoint","urlTemplate":"https:\/\/hammerheadprojects.com\/fr\/?s={search_term_string}"},"query-input":{"@type":"PropertyValueSpecification","valueRequired":true,"valueName":"search_term_string"}}],"inLanguage":"fr-FR"}]}},"_links":{"self":[{"href":"https:\/\/hammerheadprojects.com\/fr\/wp-json\/wp\/v2\/pages\/317","targetHints":{"allow":["GET"]}}],"collection":[{"href":"https:\/\/hammerheadprojects.com\/fr\/wp-json\/wp\/v2\/pages"}],"about":[{"href":"https:\/\/hammerheadprojects.com\/fr\/wp-json\/wp\/v2\/types\/page"}],"author":[{"embeddable":true,"href":"https:\/\/hammerheadprojects.com\/fr\/wp-json\/wp\/v2\/users\/1"}],"replies":[{"embeddable":true,"href":"https:\/\/hammerheadprojects.com\/fr\/wp-json\/wp\/v2\/comments?post=317"}],"version-history":[{"count":5,"href":"https:\/\/hammerheadprojects.com\/fr\/wp-json\/wp\/v2\/pages\/317\/revisions"}],"predecessor-version":[{"id":1619,"href":"https:\/\/hammerheadprojects.com\/fr\/wp-json\/wp\/v2\/pages\/317\/revisions\/1619"}],"wp:attachment":[{"href":"https:\/\/hammerheadprojects.com\/fr\/wp-json\/wp\/v2\/media?parent=317"}],"curies":[{"name":"wp","href":"https:\/\/api.w.org\/{rel}","templated":true}]}}