{"id":463,"date":"2025-03-11T21:07:23","date_gmt":"2025-03-11T21:07:23","guid":{"rendered":"https:\/\/hammerheadprojects.com\/?page_id=463"},"modified":"2025-05-20T12:36:10","modified_gmt":"2025-05-20T12:36:10","slug":"faq","status":"publish","type":"page","link":"https:\/\/hammerheadprojects.com\/fr\/faq\/","title":{"rendered":"FAQ"},"content":{"rendered":"\n<h2>\n\t\t\tFAQ &#8211; Hammerheadproject\t<\/h2>\n\t\t\t\t\t<a href=\"#\"  id=\"fl-accordion--label-0\" tabindex=\"0\" aria-controls=\"fl-accordion--panel-0\">1. Quels services proposez-vous ?<\/a>\n\t\t\t\t\t\t\t\t\t\t\t<a href=\"#\" id=\"fl-accordion--icon-0\"  tabindex=\"0\"><i title=\"D\u00e9plier\">D\u00e9plier<\/i><\/a>\n\t\t\t\t\tNous proposons les services suivants :\n<ul data-start=\"405\" data-end=\"771\">\n<li data-start=\"405\" data-end=\"460\"><strong data-start=\"407\" data-end=\"432\">Location de v\u00e9hicules<\/strong> : Quads, motos, scooters.<\/li>\n<li data-start=\"461\" data-end=\"539\"><strong data-start=\"463\" data-end=\"481\">Powder Coating<\/strong> : Rev\u00eatement de poudre pour divers v\u00e9hicules et objets.<\/li>\n<li data-start=\"619\" data-end=\"690\"><strong data-start=\"621\" data-end=\"641\">Airport Transfer<\/strong> : Transferts priv\u00e9s vers et depuis l&rsquo;a\u00e9roport.<\/li>\n<li data-start=\"691\" data-end=\"771\"><strong data-start=\"693\" data-end=\"726\">Vente de v\u00e9hicules d&rsquo;occasion<\/strong> : Vente de v\u00e9hicules \u00e0 des prix comp\u00e9titifs.<\/li>\n<li data-start=\"691\" data-end=\"771\"><strong>Vente de pi\u00e8ces et accessoires de motos :\u00a0<\/strong>Vente de pi\u00e8ces et accessoires de motos \u00e0 des prix comp\u00e9titifs.<\/li>\n<\/ul>\n\t\t\t\t\t<a href=\"#\"  id=\"fl-accordion--label-1\" tabindex=\"0\" aria-controls=\"fl-accordion--panel-1\">2. Comment puis-je r\u00e9server un service ?<\/a>\n\t\t\t\t\t\t\t\t\t\t\t<a href=\"#\" id=\"fl-accordion--icon-1\"  tabindex=\"0\"><i title=\"D\u00e9plier\">D\u00e9plier<\/i><\/a>\n\t\t\t\t\t<p>Vous pouvez r\u00e9server un service en ligne via notre site internet ou en nous contactant directement par email ou t\u00e9l\u00e9phone. Une fois la r\u00e9servation effectu\u00e9e, vous recevrez une confirmation par email avec tous les d\u00e9tails n\u00e9cessaires.<\/p>\n\t\t\t\t\t<a href=\"#\"  id=\"fl-accordion--label-2\" tabindex=\"0\" aria-controls=\"fl-accordion--panel-2\">3. Quelles sont les conditions pour louer un v\u00e9hicule ?<\/a>\n\t\t\t\t\t\t\t\t\t\t\t<a href=\"#\" id=\"fl-accordion--icon-2\"  tabindex=\"0\"><i title=\"D\u00e9plier\">D\u00e9plier<\/i><\/a>\n\t\t\t\t\t<ul>\n<li data-start=\"1137\" data-end=\"1235\"><strong data-start=\"1139\" data-end=\"1154\">\u00c2ge minimum<\/strong> : Vous devez avoir au moins 21 ans pour louer un v\u00e9hicule, et au maximum 71 ans.<\/li>\n<li data-start=\"1236\" data-end=\"1330\"><strong data-start=\"1238\" data-end=\"1258\">Documents requis<\/strong> : Carte d&rsquo;identit\u00e9 valide et permis de conduire en cours de validit\u00e9.<\/li>\n<li data-start=\"1331\" data-end=\"1479\"><strong data-start=\"1333\" data-end=\"1344\">Caution<\/strong> : Une caution comprise entre 350 et 450 EUR (selon le v\u00e9hicule choisi) sera bloqu\u00e9e par votre banque sous forme de pr\u00e9-autorisation lors de la r\u00e9servation. Cette somme ne sera pas d\u00e9bit\u00e9e mais simplement mise en attente, et elle sera lib\u00e9r\u00e9e en moyenne sous 10 jours ouvrables, selon les d\u00e9lais de traitement de votre banque. La lib\u00e9ration de la caution reste soumise \u00e0 la v\u00e9rification de l&rsquo;\u00e9tat du v\u00e9hicule apr\u00e8s utilisation.<\/li>\n<li data-start=\"1480\" data-end=\"1595\"><strong data-start=\"1482\" data-end=\"1500\">Carte bancaire<\/strong> : Vous devez fournir une carte Visa ou Mastercard pour la caution avant le d\u00e9but de l&rsquo;activit\u00e9.<\/li>\n<\/ul>\n\t\t\t\t\t<a href=\"#\"  id=\"fl-accordion--label-3\" tabindex=\"0\" aria-controls=\"fl-accordion--panel-3\">4. Quelles sont les conditions d&rsquo;annulation ?<\/a>\n\t\t\t\t\t\t\t\t\t\t\t<a href=\"#\" id=\"fl-accordion--icon-3\"  tabindex=\"0\"><i title=\"D\u00e9plier\">D\u00e9plier<\/i><\/a>\n\t\t\t\t\t<ul>\n<li data-start=\"1659\" data-end=\"1746\"><strong data-start=\"1661\" data-end=\"1706\">Annulation 15 jours avant la r\u00e9servation<\/strong> : Remboursement de la totalit\u00e9 du montant pay\u00e9.<\/li>\n<li data-start=\"1747\" data-end=\"1826\"><strong data-start=\"1749\" data-end=\"1803\">Annulation moins de 15 jours avant la r\u00e9servation<\/strong> : Aucun remboursement.<\/li>\n<li data-start=\"1827\" data-end=\"1951\"><strong data-start=\"1829\" data-end=\"1849\">Non-pr\u00e9sentation<\/strong> : Si vous ne vous pr\u00e9sentez pas \u00e0 l&rsquo;heure de votre r\u00e9servation, aucun remboursement ne sera effectu\u00e9.<\/li>\n<\/ul>\n\t\t\t\t\t<a href=\"#\"  id=\"fl-accordion--label-4\" tabindex=\"0\" aria-controls=\"fl-accordion--panel-4\">5. Puis-je annuler ou modifier ma r\u00e9servation apr\u00e8s confirmation ?<\/a>\n\t\t\t\t\t\t\t\t\t\t\t<a href=\"#\" id=\"fl-accordion--icon-4\"  tabindex=\"0\"><i title=\"D\u00e9plier\">D\u00e9plier<\/i><\/a>\n\t\t\t\t\tOui, vous pouvez annuler ou modifier votre r\u00e9servation, sous r\u00e9serve de respecter notre politique d&rsquo;annulation. Toute modification ou annulation doit \u00eatre effectu\u00e9e au moins 15 jours avant la r\u00e9servation pour \u00eatre \u00e9ligible \u00e0 un remboursement total.\n\t\t\t\t\t<a href=\"#\"  id=\"fl-accordion--label-5\" tabindex=\"0\" aria-controls=\"fl-accordion--panel-5\">6. Quels sont les modes de paiement accept\u00e9s ?<\/a>\n\t\t\t\t\t\t\t\t\t\t\t<a href=\"#\" id=\"fl-accordion--icon-5\"  tabindex=\"0\"><i title=\"D\u00e9plier\">D\u00e9plier<\/i><\/a>\n\t\t\t\t\t<p>Nous acceptons les paiements par\u00a0<strong data-start=\"2385\" data-end=\"2403\">carte bancaire<\/strong>\u00a0(Visa, Mastercard), Bancontact ainsi qu&rsquo;<strong data-start=\"2430\" data-end=\"2451\">Apple Pay &amp; Google Pay sur notre site<\/strong>.\u00a0<strong>La caution<\/strong>\u00a0est \u00e9galement pr\u00e9lev\u00e9e lors de l&rsquo;activit\u00e9 et\u00a0<strong>seulement<\/strong>\u00a0avec des carte physiques\u00a0<strong>Visa<\/strong>\u00a0ou\u00a0<strong>Mastercard<\/strong>.<\/p>\n\t\t\t\t\t<a href=\"#\"  id=\"fl-accordion--label-6\" tabindex=\"0\" aria-controls=\"fl-accordion--panel-6\">7. Quelles sont les heures d&rsquo;ouverture de votre service ?<\/a>\n\t\t\t\t\t\t\t\t\t\t\t<a href=\"#\" id=\"fl-accordion--icon-6\"  tabindex=\"0\"><i title=\"D\u00e9plier\">D\u00e9plier<\/i><\/a>\n\t\t\t\t\tNos horaires sont les suivants :\n<ul data-start=\"2731\" data-end=\"2823\">\n<li data-start=\"2731\" data-end=\"2770\"><strong data-start=\"2733\" data-end=\"2753\">Lundi \u00e0 Vendredi<\/strong> : 8h30 &#8211; 15h00<\/li>\n<li data-start=\"2771\" data-end=\"2800\"><strong data-start=\"2773\" data-end=\"2783\">Samedi<\/strong> : 8h30 &#8211; 14h00<\/li>\n<li data-start=\"2801\" data-end=\"2823\"><strong data-start=\"2803\" data-end=\"2815\">Dimanche<\/strong> : Ferm\u00e9 (Ouvert sur r\u00e9servation)<\/li>\n<\/ul>\n\t\t\t\t\t<a href=\"#\"  id=\"fl-accordion--label-7\" tabindex=\"0\" aria-controls=\"fl-accordion--panel-7\">8. Puis-je louer un v\u00e9hicule pour un \u00e9v\u00e9nement sp\u00e9cial ou un groupe ?<\/a>\n\t\t\t\t\t\t\t\t\t\t\t<a href=\"#\" id=\"fl-accordion--icon-7\"  tabindex=\"0\"><i title=\"D\u00e9plier\">D\u00e9plier<\/i><\/a>\n\t\t\t\t\tOui, nous proposons des <strong data-start=\"2935\" data-end=\"2988\">forfaits de location pour des \u00e9v\u00e9nements sp\u00e9ciaux<\/strong> (mariages, anniversaires, groupes). Veuillez nous contacter directement pour discuter des d\u00e9tails de votre \u00e9v\u00e9nement et de nos offres sur mesure.\n\t\t\t\t\t<a href=\"#\"  id=\"fl-accordion--label-8\" tabindex=\"0\" aria-controls=\"fl-accordion--panel-8\">9. Comment puis-je obtenir une preuve de paiement ?<\/a>\n\t\t\t\t\t\t\t\t\t\t\t<a href=\"#\" id=\"fl-accordion--icon-8\"  tabindex=\"0\"><i title=\"D\u00e9plier\">D\u00e9plier<\/i><\/a>\n\t\t\t\t\t<p>Vous recevrez une preuve de paiement par email apr\u00e8s chaque r\u00e9servation ou transaction. Il est important de conserver cette preuve pour toute demande de remboursement ou en cas de r\u00e9clamation.<\/p>\n\t\t\t\t\t<a href=\"#\"  id=\"fl-accordion--label-9\" tabindex=\"0\" aria-controls=\"fl-accordion--panel-9\">10. Que faire si je perds ou endommage le v\u00e9hicule pendant la location ?<\/a>\n\t\t\t\t\t\t\t\t\t\t\t<a href=\"#\" id=\"fl-accordion--icon-9\"  tabindex=\"0\"><i title=\"D\u00e9plier\">D\u00e9plier<\/i><\/a>\n\t\t\t\t\t<p>En cas de perte ou de dommage au v\u00e9hicule, veuillez nous contacter imm\u00e9diatement. Les frais de r\u00e9paration ou de remplacement seront \u00e0 votre charge, en fonction de l&rsquo;\u00e9tat du v\u00e9hicule. La caution de 450 EUR pourra \u00eatre utilis\u00e9e pour couvrir ces frais.<\/p>\n\t\t\t\t\t<a href=\"#\"  id=\"fl-accordion--label-10\" tabindex=\"0\" aria-controls=\"fl-accordion--panel-10\">11. Quelles sont les conditions de s\u00e9curit\u00e9 pour conduire les v\u00e9hicules ?<\/a>\n\t\t\t\t\t\t\t\t\t\t\t<a href=\"#\" id=\"fl-accordion--icon-10\"  tabindex=\"0\"><i title=\"D\u00e9plier\">D\u00e9plier<\/i><\/a>\n\t\t\t\t\t<p>Pour votre s\u00e9curit\u00e9 et celle des autres, vous devez respecter toutes les instructions de conduite fournies par nos instructeurs ou guides. Le port d&rsquo;un casque (pour les motos et quads) et d&rsquo;autres \u00e9quipements de s\u00e9curit\u00e9 est obligatoire. En cas de non-respect des consignes, nous nous r\u00e9servons le droit d&rsquo;annuler la prestation sans remboursement.<\/p>\n\t\t\t\t\t<a href=\"#\"  id=\"fl-accordion--label-11\" tabindex=\"0\" aria-controls=\"fl-accordion--panel-11\">12. Quelles zones sont couvertes par vos services de transfert a\u00e9roport ?<\/a>\n\t\t\t\t\t\t\t\t\t\t\t<a href=\"#\" id=\"fl-accordion--icon-11\"  tabindex=\"0\"><i title=\"D\u00e9plier\">D\u00e9plier<\/i><\/a>\n\t\t\t\t\tNos services de transfert couvrent les a\u00e9roports de Malte et de Gozo. Nous offrons un service de transfert priv\u00e9 entre l&rsquo;a\u00e9roport et votre destination \u00e0 Gozo ou \u00e0 Malte.\n\t\t\t\t\t<a href=\"#\"  id=\"fl-accordion--label-12\" tabindex=\"0\" aria-controls=\"fl-accordion--panel-12\">13. Est-ce que vous proposez des services en plusieurs langues ?<\/a>\n\t\t\t\t\t\t\t\t\t\t\t<a href=\"#\" id=\"fl-accordion--icon-12\"  tabindex=\"0\"><i title=\"D\u00e9plier\">D\u00e9plier<\/i><\/a>\n\t\t\t\t\t<p>Oui, nous offrons nos services en <strong data-start=\"4553\" data-end=\"4564\">anglais et<\/strong>\u00a0<strong data-start=\"4566\" data-end=\"4578\">fran\u00e7ais<\/strong>. Nos guides sont \u00e9galement multilingues et peuvent vous accompagner dans la langue de votre choix.<\/p>\n\t\t\t\t\t<a href=\"#\"  id=\"fl-accordion--label-13\" tabindex=\"0\" aria-controls=\"fl-accordion--panel-13\">14. Comment puis-je contacter le service client ?<\/a>\n\t\t\t\t\t\t\t\t\t\t\t<a href=\"#\" id=\"fl-accordion--icon-13\"  tabindex=\"0\"><i title=\"D\u00e9plier\">D\u00e9plier<\/i><\/a>\n\t\t\t\t\tVous pouvez nous contacter par :\n<ul data-start=\"4795\" data-end=\"4945\">\n<li data-start=\"4795\" data-end=\"4839\"><strong data-start=\"4797\" data-end=\"4806\">Email<\/strong> : contact@hammerheadprojects.com<\/li>\n<li data-start=\"4840\" data-end=\"4902\"><strong data-start=\"4842\" data-end=\"4865\">Num\u00e9ro de t\u00e9l\u00e9phone<\/strong> : (+356) 99507956 ou (+356) 79810008<\/li>\n<li data-start=\"4903\" data-end=\"4945\"><strong data-start=\"4905\" data-end=\"4916\">Adresse<\/strong> : Mgarr Road<br \/>\nXewkija XWK9021<br \/>\nGOZO (Malta)<\/li>\n<\/ul>\nNous r\u00e9pondons \u00e0 toutes les demandes dans les plus brefs d\u00e9lais.\n\t\t\t\t\t<a href=\"#\"  id=\"fl-accordion--label-14\" tabindex=\"0\" aria-controls=\"fl-accordion--panel-14\">15. Quels documents dois-je pr\u00e9senter pour participer \u00e0 une activit\u00e9 ?<\/a>\n\t\t\t\t\t\t\t\t\t\t\t<a href=\"#\" id=\"fl-accordion--icon-14\"  tabindex=\"0\"><i title=\"D\u00e9plier\">D\u00e9plier<\/i><\/a>\n\t\t\t\t\tPour toutes les activit\u00e9s (location de v\u00e9hicules, visites guid\u00e9es, etc.), vous devez pr\u00e9senter :\n<ul data-start=\"5199\" data-end=\"5356\">\n<li data-start=\"5199\" data-end=\"5248\"><strong data-start=\"5201\" data-end=\"5221\">Carte d&rsquo;identit\u00e9<\/strong> ou <strong data-start=\"5225\" data-end=\"5238\">passeport<\/strong> valide.<\/li>\n<li data-start=\"5249\" data-end=\"5313\"><strong data-start=\"5251\" data-end=\"5273\">Permis de conduire<\/strong> valide pour la location de v\u00e9hicules.<\/li>\n<li data-start=\"5314\" data-end=\"5356\"><strong data-start=\"5316\" data-end=\"5338\">Preuve de paiement<\/strong> (le cas \u00e9ch\u00e9ant).<\/li>\n<li data-start=\"5314\" data-end=\"5356\"><strong>Carte de cr\u00e9dit VISA ou Mastercard<\/strong> <strong>physique<\/strong>.<\/li>\n<\/ul>\n\t\t\t\t\t<a href=\"#\"  id=\"fl-accordion--label-15\" tabindex=\"0\" aria-controls=\"fl-accordion--panel-15\">16. O\u00f9 sont situ\u00e9s vos services ?<\/a>\n\t\t\t\t\t\t\t\t\t\t\t<a href=\"#\" id=\"fl-accordion--icon-15\"  tabindex=\"0\"><i title=\"D\u00e9plier\">D\u00e9plier<\/i><\/a>\n\t\t\t\t\t<p>Nos services sont situ\u00e9s \u00e0 <strong data-start=\"5450\" data-end=\"5458\">Gozo<\/strong>, Malte, mais nous proposons \u00e9galement des services de transfert depuis et vers les a\u00e9roports de Gozo. Vous pouvez consulter notre site pour plus d&rsquo;informations sur l&#8217;emplacement exact.<\/p>\n\t\t\t\t\t<a href=\"#\"  id=\"fl-accordion--label-16\" tabindex=\"0\" aria-controls=\"fl-accordion--panel-16\">17. Que faire si je souhaite prolonger la location de mon v\u00e9hicule ?<\/a>\n\t\t\t\t\t\t\t\t\t\t\t<a href=\"#\" id=\"fl-accordion--icon-16\"  tabindex=\"0\"><i title=\"D\u00e9plier\">D\u00e9plier<\/i><\/a>\n\t\t\t\t\tSi vous souhaitez prolonger la dur\u00e9e de votre location, contactez-nous d\u00e8s que possible. Nous ferons de notre mieux pour r\u00e9pondre \u00e0 votre demande, sous r\u00e9serve de la disponibilit\u00e9 du v\u00e9hicule. Des frais suppl\u00e9mentaires pourront \u00eatre appliqu\u00e9s en fonction de la dur\u00e9e suppl\u00e9mentaire.\n\t\t\t\t\t<a href=\"#\"  id=\"fl-accordion--label-17\" tabindex=\"0\" aria-controls=\"fl-accordion--panel-17\">18. Proposez-vous des forfaits ou r\u00e9ductions pour les groupes ?<\/a>\n\t\t\t\t\t\t\t\t\t\t\t<a href=\"#\" id=\"fl-accordion--icon-17\"  tabindex=\"0\"><i title=\"D\u00e9plier\">D\u00e9plier<\/i><\/a>\n\t\t\t\t\t<p>Oui, nous proposons des r\u00e9ductions et des forfaits sp\u00e9ciaux pour les groupes. Pour obtenir un devis personnalis\u00e9, veuillez nous contacter avec les d\u00e9tails de votre groupe et de vos besoins sp\u00e9cifiques.<\/p>\n\t\t\t\t\t<a href=\"#\"  id=\"fl-accordion--label-18\" tabindex=\"0\" aria-controls=\"fl-accordion--panel-18\">19. Puis-je acheter un v\u00e9hicule directement sur votre site ?<\/a>\n\t\t\t\t\t\t\t\t\t\t\t<a href=\"#\" id=\"fl-accordion--icon-18\"  tabindex=\"0\"><i title=\"D\u00e9plier\">D\u00e9plier<\/i><\/a>\n\t\t\t\t\t<p>Oui, nous proposons des v\u00e9hicules neufs &amp; occasion \u00e0 la vente. Vous pouvez consulter notre section d\u00e9di\u00e9e sur le site pour voir les v\u00e9hicules disponibles. Pour toute question concernant l&rsquo;achat, n&rsquo;h\u00e9sitez pas \u00e0 nous contacter.<\/p>\n<h2>\n\t\t\tMerci pour votre confiance\t<\/h2>\n\t\t\t<a href=\"https:\/\/hammerheadprojects.com\/fr\" target=\"_self\">\n\t\t\t\t\t\t\tRetour \u00e0 la page d&rsquo;accueil\n\t\t\t\t\t<\/a>\n\n","protected":false},"excerpt":{"rendered":"<p>FAQ &#8211; Hammerheadproject 1. Quels services proposez-vous ? D\u00e9plier Nous proposons les services suivants : Location de v\u00e9hicules : Quads, motos, scooters. Powder Coating : Rev\u00eatement de poudre pour divers v\u00e9hicules et objets. Airport Transfer : Transferts priv\u00e9s vers et depuis l&rsquo;a\u00e9roport. Vente de v\u00e9hicules d&rsquo;occasion : Vente de v\u00e9hicules \u00e0 des prix comp\u00e9titifs. Vente&hellip;<\/p>\n","protected":false},"author":1,"featured_media":0,"parent":0,"menu_order":0,"comment_status":"closed","ping_status":"closed","template":"","meta":{"_acf_changed":false,"footnotes":""},"class_list":["post-463","page","type-page","status-publish","hentry"],"acf":[],"yoast_head":"<!-- This site is optimized with the Yoast SEO plugin v27.4 - https:\/\/yoast.com\/product\/yoast-seo-wordpress\/ -->\n<title>FAQ - Hammerhead Projects<\/title>\n<meta name=\"robots\" content=\"index, follow, max-snippet:-1, max-image-preview:large, max-video-preview:-1\" \/>\n<link rel=\"canonical\" href=\"https:\/\/hammerheadprojects.com\/fr\/faq\/\" \/>\n<meta property=\"og:locale\" content=\"fr_FR\" \/>\n<meta property=\"og:type\" content=\"article\" \/>\n<meta property=\"og:title\" content=\"FAQ - Hammerhead Projects\" \/>\n<meta property=\"og:description\" content=\"FAQ &#8211; Hammerheadproject 1. Quels services proposez-vous ? D\u00e9plier Nous proposons les services suivants : Location de v\u00e9hicules : Quads, motos, scooters. Powder Coating : Rev\u00eatement de poudre pour divers v\u00e9hicules et objets. Airport Transfer : Transferts priv\u00e9s vers et depuis l&rsquo;a\u00e9roport. Vente de v\u00e9hicules d&rsquo;occasion : Vente de v\u00e9hicules \u00e0 des prix comp\u00e9titifs. Vente&hellip;\" \/>\n<meta property=\"og:url\" content=\"https:\/\/hammerheadprojects.com\/fr\/faq\/\" \/>\n<meta property=\"og:site_name\" content=\"Hammerhead Projects\" \/>\n<meta property=\"article:modified_time\" content=\"2025-05-20T12:36:10+00:00\" \/>\n<meta name=\"twitter:card\" content=\"summary_large_image\" \/>\n<meta name=\"twitter:label1\" content=\"Dur\u00e9e de lecture estim\u00e9e\" \/>\n\t<meta name=\"twitter:data1\" content=\"5 minutes\" \/>\n<script type=\"application\/ld+json\" class=\"yoast-schema-graph\">{\"@context\":\"https:\\\/\\\/schema.org\",\"@graph\":[{\"@type\":\"WebPage\",\"@id\":\"https:\\\/\\\/hammerheadprojects.com\\\/fr\\\/faq\\\/\",\"url\":\"https:\\\/\\\/hammerheadprojects.com\\\/fr\\\/faq\\\/\",\"name\":\"FAQ - Hammerhead Projects\",\"isPartOf\":{\"@id\":\"https:\\\/\\\/hammerheadprojects.com\\\/fr\\\/#website\"},\"datePublished\":\"2025-03-11T21:07:23+00:00\",\"dateModified\":\"2025-05-20T12:36:10+00:00\",\"breadcrumb\":{\"@id\":\"https:\\\/\\\/hammerheadprojects.com\\\/fr\\\/faq\\\/#breadcrumb\"},\"inLanguage\":\"fr-FR\",\"potentialAction\":[{\"@type\":\"ReadAction\",\"target\":[\"https:\\\/\\\/hammerheadprojects.com\\\/fr\\\/faq\\\/\"]}]},{\"@type\":\"BreadcrumbList\",\"@id\":\"https:\\\/\\\/hammerheadprojects.com\\\/fr\\\/faq\\\/#breadcrumb\",\"itemListElement\":[{\"@type\":\"ListItem\",\"position\":1,\"name\":\"Accueil\",\"item\":\"https:\\\/\\\/hammerheadprojects.com\\\/fr\\\/\"},{\"@type\":\"ListItem\",\"position\":2,\"name\":\"FAQ\"}]},{\"@type\":\"WebSite\",\"@id\":\"https:\\\/\\\/hammerheadprojects.com\\\/fr\\\/#website\",\"url\":\"https:\\\/\\\/hammerheadprojects.com\\\/fr\\\/\",\"name\":\"Hammerhead Projects\",\"description\":\"Pour une exp\u00e9rience incroyable !\",\"potentialAction\":[{\"@type\":\"SearchAction\",\"target\":{\"@type\":\"EntryPoint\",\"urlTemplate\":\"https:\\\/\\\/hammerheadprojects.com\\\/fr\\\/?s={search_term_string}\"},\"query-input\":{\"@type\":\"PropertyValueSpecification\",\"valueRequired\":true,\"valueName\":\"search_term_string\"}}],\"inLanguage\":\"fr-FR\"}]}<\/script>\n<!-- \/ Yoast SEO plugin. -->","yoast_head_json":{"title":"FAQ - Hammerhead Projects","robots":{"index":"index","follow":"follow","max-snippet":"max-snippet:-1","max-image-preview":"max-image-preview:large","max-video-preview":"max-video-preview:-1"},"canonical":"https:\/\/hammerheadprojects.com\/fr\/faq\/","og_locale":"fr_FR","og_type":"article","og_title":"FAQ - Hammerhead Projects","og_description":"FAQ &#8211; Hammerheadproject 1. Quels services proposez-vous ? D\u00e9plier Nous proposons les services suivants : Location de v\u00e9hicules : Quads, motos, scooters. Powder Coating : Rev\u00eatement de poudre pour divers v\u00e9hicules et objets. Airport Transfer : Transferts priv\u00e9s vers et depuis l&rsquo;a\u00e9roport. Vente de v\u00e9hicules d&rsquo;occasion : Vente de v\u00e9hicules \u00e0 des prix comp\u00e9titifs. Vente&hellip;","og_url":"https:\/\/hammerheadprojects.com\/fr\/faq\/","og_site_name":"Hammerhead Projects","article_modified_time":"2025-05-20T12:36:10+00:00","twitter_card":"summary_large_image","twitter_misc":{"Dur\u00e9e de lecture estim\u00e9e":"5 minutes"},"schema":{"@context":"https:\/\/schema.org","@graph":[{"@type":"WebPage","@id":"https:\/\/hammerheadprojects.com\/fr\/faq\/","url":"https:\/\/hammerheadprojects.com\/fr\/faq\/","name":"FAQ - Hammerhead Projects","isPartOf":{"@id":"https:\/\/hammerheadprojects.com\/fr\/#website"},"datePublished":"2025-03-11T21:07:23+00:00","dateModified":"2025-05-20T12:36:10+00:00","breadcrumb":{"@id":"https:\/\/hammerheadprojects.com\/fr\/faq\/#breadcrumb"},"inLanguage":"fr-FR","potentialAction":[{"@type":"ReadAction","target":["https:\/\/hammerheadprojects.com\/fr\/faq\/"]}]},{"@type":"BreadcrumbList","@id":"https:\/\/hammerheadprojects.com\/fr\/faq\/#breadcrumb","itemListElement":[{"@type":"ListItem","position":1,"name":"Accueil","item":"https:\/\/hammerheadprojects.com\/fr\/"},{"@type":"ListItem","position":2,"name":"FAQ"}]},{"@type":"WebSite","@id":"https:\/\/hammerheadprojects.com\/fr\/#website","url":"https:\/\/hammerheadprojects.com\/fr\/","name":"Hammerhead Projects","description":"Pour une exp\u00e9rience incroyable !","potentialAction":[{"@type":"SearchAction","target":{"@type":"EntryPoint","urlTemplate":"https:\/\/hammerheadprojects.com\/fr\/?s={search_term_string}"},"query-input":{"@type":"PropertyValueSpecification","valueRequired":true,"valueName":"search_term_string"}}],"inLanguage":"fr-FR"}]}},"_links":{"self":[{"href":"https:\/\/hammerheadprojects.com\/fr\/wp-json\/wp\/v2\/pages\/463","targetHints":{"allow":["GET"]}}],"collection":[{"href":"https:\/\/hammerheadprojects.com\/fr\/wp-json\/wp\/v2\/pages"}],"about":[{"href":"https:\/\/hammerheadprojects.com\/fr\/wp-json\/wp\/v2\/types\/page"}],"author":[{"embeddable":true,"href":"https:\/\/hammerheadprojects.com\/fr\/wp-json\/wp\/v2\/users\/1"}],"replies":[{"embeddable":true,"href":"https:\/\/hammerheadprojects.com\/fr\/wp-json\/wp\/v2\/comments?post=463"}],"version-history":[{"count":11,"href":"https:\/\/hammerheadprojects.com\/fr\/wp-json\/wp\/v2\/pages\/463\/revisions"}],"predecessor-version":[{"id":1663,"href":"https:\/\/hammerheadprojects.com\/fr\/wp-json\/wp\/v2\/pages\/463\/revisions\/1663"}],"wp:attachment":[{"href":"https:\/\/hammerheadprojects.com\/fr\/wp-json\/wp\/v2\/media?parent=463"}],"curies":[{"name":"wp","href":"https:\/\/api.w.org\/{rel}","templated":true}]}}