{"id":66,"date":"2025-02-12T16:46:02","date_gmt":"2025-02-12T16:46:02","guid":{"rendered":"https:\/\/hammerheadprojects.com\/?page_id=66"},"modified":"2025-08-20T11:55:36","modified_gmt":"2025-08-20T11:55:36","slug":"accueil","status":"publish","type":"page","link":"https:\/\/hammerheadprojects.com\/fr\/","title":{"rendered":"Accueil"},"content":{"rendered":"\n<h1>\n\t\t\tPartez \u00e0 la d\u00e9couverte de Gozo\t<\/h1>\n        <p>Location de quad<\/p>\n            <a href=\"https:\/\/www.quadbikesgozo.com\/gozo-quad-hire\/\">Voir les disponibilit\u00e9s<\/a>\n        <p>Location de Scooter<\/p>\n            <a href=\"https:\/\/hammerheadprojects.com\/fr\/produit\/location-de-scooter-a-gozo\/\">Voir les disponibilit\u00e9s<\/a>\n        <p>Location de moto<\/p>\n            <a href=\"https:\/\/hammerheadprojects.com\/fr\/produit\/location-de-moto-a-gozo\/\">Voir les disponibilit\u00e9s<\/a>\n<a href=\"#hero-container\">R\u00e9server<\/a><h1>\n\t\t\tComment \u00e7a marche ?\t<\/h1>\n        <p>1<\/p>\n        <p>V\u00e9rifier la disponibilit\u00e9<\/p>\n        <p> Choisissez une date \/ une p\u00e9riode sur une de nos activit\u00e9s.<\/p>\n        <p>2<\/p>\n        <p>Ajouter l&rsquo;activit\u00e9 au panier<\/p>\n        <p> Adaptez la quantit\u00e9 et ajoutez la \u00e0 votre panier.<\/p>\n        <p>3<\/p>\n        <p>R\u00e9server et c&rsquo;est parti<\/p>\n        <p> Payez et voil\u00e0, c&rsquo;est r\u00e9serv\u00e9. C&rsquo;est ultra simple.<\/p>\n        <img decoding=\"async\" src=\"https:\/\/hammerheadprojects.com\/wp-content\/uploads\/2025\/03\/quad.png\"\/>\n        <p>A partir de<\/p>\n        <p>69\u20ac<\/p>\n        <a\n           href=\"https:\/\/www.quadbikesgozo.com\/gozo-quad-hire\/\">R\u00e9server<\/a>\n        <img decoding=\"async\" src=\"https:\/\/hammerheadprojects.com\/wp-content\/uploads\/2025\/03\/scooter-2.png\"\/>\n        <p>A partir de<\/p>\n        <p>32\u20ac<\/p>\n        <a\n           href=\"https:\/\/hammerheadprojects.com\/fr\/produit\/location-de-scooter-a-gozo\/\">R\u00e9server<\/a>\n        <img decoding=\"async\" src=\"https:\/\/hammerheadprojects.com\/wp-content\/uploads\/2025\/03\/moto-4.png\"\/>\n        <p>A partir de<\/p>\n        <p>34\u20ac<\/p>\n        <a\n           href=\"https:\/\/hammerheadprojects.com\/fr\/produit\/location-de-moto-a-gozo\/\">R\u00e9server<\/a>\n<h6>\n\t\t\t* Les prix peuvent varier selon les saisons\t<\/h6>\n        <img decoding=\"async\" src=\"https:\/\/hammerheadprojects.com\/wp-content\/uploads\/2025\/03\/secure-payment-1.png\"\n                               alt=\"\"\/>\n            <p>Paiement 100% securis\u00e9<\/p>\n        <img decoding=\"async\" src=\"https:\/\/hammerheadprojects.com\/wp-content\/uploads\/2025\/03\/bancontact-1.png\"\n                               alt=\"\"\/>\n            \n        <img decoding=\"async\" src=\"https:\/\/hammerheadprojects.com\/wp-content\/uploads\/2025\/03\/apple-pay.png\"\n                               alt=\"\"\/>\n            \n        <img decoding=\"async\" src=\"https:\/\/hammerheadprojects.com\/wp-content\/uploads\/2025\/03\/google-pay.png\"\n                               alt=\"\"\/>\n            \n        <img decoding=\"async\" src=\"https:\/\/hammerheadprojects.com\/wp-content\/uploads\/2025\/03\/money.png\"\n                               alt=\"\"\/>\n            \n        <img decoding=\"async\" src=\"https:\/\/hammerheadprojects.com\/wp-content\/uploads\/2025\/03\/mastercard.png\"\n                               alt=\"\"\/>\n            \n<h1>\n\t\t\tOffre sp\u00e9cial\t<\/h1>\n\t\t\t\t<img decoding=\"async\" src=\"https:\/\/hammerheadprojects.com\/wp-content\/uploads\/2025\/05\/bagster-pub-panorama-90a150d66bcdf5ee9cc222fcde506323-mreybvg4han8.jpg\" alt=\"bagster-pub-panorama-90a150d66bcdf5ee9cc222fcde506323-mreybvg4han8\" itemprop=\"image\" height=\"275\" width=\"550\" title=\"bagster-pub-panorama-90a150d66bcdf5ee9cc222fcde506323-mreybvg4han8\" onerror=\"this.style.display='none'\" loading=\"lazy\" \/>\n<h2>\n\t\t\tDistributeur officiel des produits Bagster.\t<\/h2>\n\t<p>La r\u00e9f\u00e9rence en baggagerie moto, tapis reservoir et sellerie sur mesure avec plus de 40 ans d&rsquo;experience.<\/p>\n\t\t\t<a href=\"https:\/\/hammerheadprojects.com\/contactez-nous\/\" target=\"_self\">\n\t\t\t\t\t\t\tAppelez-nous\n\t\t\t\t\t<\/a>\n<h1  id=\"discover-gozo\">\n\t\t\tD\u00e9couvrez Gozo\t<\/h1>\n\t\t<iframe loading=\"lazy\"  id=\"youtube\"\n  width=\"560\" \n  height=\"315\" \n  src=\"https:\/\/www.youtube.com\/embed\/B8fRd49_zPc?playlist=B8fRd49_zPc&#038;autoplay=1&#038;mute=1&#038;loop=1&#038;controls=0&#038;showinfo=0&#038;rel=0\"\n  frameborder=\"0\"\n  allow=\"autoplay; encrypted-media\"\n  allowfullscreen>\n<\/iframe>\n<h1>\n\t\t\tNos autres activit\u00e9s\t<\/h1>\n\t\t\t\t<img decoding=\"async\" src=\"https:\/\/hammerheadprojects.com\/wp-content\/uploads\/2025\/05\/berlin-noir-pic-scaled.jpg\" alt=\"berlin noir pic\" itemprop=\"image\" height=\"1600\" width=\"2560\" title=\"berlin noir pic\" onerror=\"this.style.display='none'\" loading=\"lazy\" \/>\n<h2>\n\t\t\tTransfert a\u00e9roport\t<\/h2>\n\t<p>Profitez d&rsquo;un transfert priv\u00e9 et confortable entre l&rsquo;a\u00e9roport de Malte et Gozo, sans stress ni attente. Nous nous occupons de tout, de la prise en charge \u00e0 l&rsquo;a\u00e9roport jusqu&rsquo;\u00e0 votre arriv\u00e9e \u00e0 destination.<\/p>\n\t\t\t<a href=\"\" target=\"_self\">\n\t\t\t\t\t\t\tBient\u00f4t disponible\n\t\t\t\t\t<\/a>\n\t\t\t\t<img decoding=\"async\" src=\"https:\/\/hammerheadprojects.com\/wp-content\/uploads\/2025\/04\/IMG-20220927-WA0000-1.jpg\" alt=\"IMG-20220927-WA0000\" itemprop=\"image\" height=\"1024\" width=\"917\" title=\"IMG-20220927-WA0000\" onerror=\"this.style.display='none'\" loading=\"lazy\" \/>\n<h2>\n\t\t\tPowder Coating\t<\/h2>\n\t<p>D\u00e9couvrez notre service de <strong data-start=\"27\" data-end=\"45\">powder coating<\/strong>, la solution id\u00e9ale pour une finition m\u00e9tallique durable et esth\u00e9tique. Offrant une r\u00e9sistance exceptionnelle \u00e0 la corrosion et \u00e0 l&rsquo;usure, nous appliquons des rev\u00eatements de haute qualit\u00e9 qui garantissent une finition lisse, uniforme et personnalisable pour tous vos projets, tout en offrant une longue dur\u00e9e de vie.<\/p>\n\t\t\t<a href=\"https:\/\/hammerheadprojects.com\/fr\/produit\/powder-coating\/\" target=\"_self\">\n\t\t\t\t\t\t\tEn savoir plus\n\t\t\t\t\t<\/a>\n<h1>\n\t\t\tIls ont v\u00e9cu une exp\u00e9rience exceptionnelle\t<\/h1>\n\t<h4><strong data-start=\"0\" data-end=\"51\" data-is-only-node=\"\">TripAdvisor 5.0* sur 169 avis.<\/strong><\/h4>\n<h4><strong data-start=\"0\" data-end=\"51\" data-is-only-node=\"\">Une note de 4.8\/5 sur plus de 200 avis Google !<\/strong> \u2b50\ufe0f\u2728<\/h4>\n<h4><br data-start=\"55\" data-end=\"58\" \/>Votre satisfaction est notre plus grande r\u00e9ussite. Merci pour votre confiance !<\/h4>\n            <p>Marin<\/p>\n            <p>Un super contact avec le g\u00e9rant. Un type formidable. Les quads sont tops et le g\u00e9rant est plein de petits conseils pour kiffer son aventure encore plus. La petite carte est un vrai plus pour visiter les meilleurs spots de l&rsquo;\u00eele. Par contre la demi journ\u00e9e ne suffit pas pour visiter la totalit\u00e9 de l&rsquo;\u00eele mais \u00e7a me donne une excuse pour recommencer \ud83d\ude05<\/p>\n            <p>Flora P.<\/p>\n            <p>Super exp\u00e9rience de location de Quad, r\u00e9servation tr\u00e8s simple faite sur GerYourGuide. Une \u00e9quipe qui parle fran\u00e7ais nous a accueilli, gros plus pour tout comprendre sans difficult\u00e9s ! Nous avons ador\u00e9 notre balade, sur la demi-journ\u00e9e, presque trop court ! La prochaine fois nous prendrons la journ\u00e9e pour profiter \ud83d\ude01<\/p>\n            <p>Arthur<\/p>\n            <p>Location d&rsquo;un quad pour une demi-journ\u00e9e pour d\u00e9couvrir l&rsquo;\u00eele de Gozo. Superbe exp\u00e9rience, quad en plut\u00f4t bonne \u00e9tat, loueur qui parle fran\u00e7ais facilitant grandement les choses et donne confiance. Un itin\u00e9raire est \u00e9galement fourni avec de joli spot.<\/p>\n            <p>Camille I.<\/p>\n            <p>Vous pouvez y aller les yeux ferm\u00e9s, super exp\u00e9rience, tr\u00e8s professionnels et accueil au top! La carte avec les points \u00e0 voir est vraiment un plus, \u00e7a vous permet de faire votre petit itin\u00e9raire de visite plus facilement.<\/p>\n            <p>Salah H.<\/p>\n            <p>Excellent loueur de scooter. Nous nous sommes rendus \u00e0 cet endroit au vu des commentaires \u00e9logieux, et nous n&rsquo;avons pas \u00e9t\u00e9 d\u00e9\u00e7u ! Je recommande les yeux ferm\u00e9s. Le petit + inattendu, on y parle fran\u00e7ais !<\/p>\n            <p>Nicolas N.<\/p>\n            <p>Tr\u00e8s bonne exp\u00e9rience de location d&rsquo;un scooter pour deux jours sur Gozo. Le garage est \u00e0 10 min en bus depuis le port. Ron et Charlotte ont de bon conseils \u00e0 donner sur des restaurants ou itin\u00e9raires de visite. Nous parlions en fran\u00e7ais, ce qui \u00e9tait pratique pour moi. N&rsquo;\u00e9tant pas habitu\u00e9 \u00e0 conduire un scooter, l&rsquo;exp\u00e9rience a \u00e9t\u00e9 vraiment sympa et surtout de pouvoir se d\u00e9placer librement. N&rsquo;h\u00e9sitez pas \u00e0 les contacter !<\/p>\n            <p>Marie G.<\/p>\n            <p>En amont de la location une communication claire et transparente (sms et appel). L&rsquo;enseigne se trouve sur la ligne 301, en arrivant du ferry. Pratique et impossible \u00e0 louper.  Sur place, une location rapide et efficace. De nombreux conseils et tips (sur la conduite, les stations essences, les spots, lieux de baignades, etc..) Nous recommandons fortement, d\u00e9couvrir l&rsquo;\u00eele de Gozo en scooter est le meilleur choix que nous ayons fait.<\/p>\n            <p>R\u00e9mi P.<\/p>\n            <p>Nous avons lou\u00e9 une moto durant nos 3 jours sur Gozo, les g\u00e9rants sont tr\u00e8s sympathiques, nous recommandons vivement !<\/p>\n            <p>Nicholas M.<\/p>\n            <p>Service impeccable. Ravie d&rsquo;avoir lou\u00e9 la moto chez Hammerhead. Je conseille vivement<\/p>\n            <p>Julien R.<\/p>\n            <p>Un couple (fran\u00e7ais) super sympa, des v\u00e9hicules bien entretenus et en cadeau un briefing complet sur toutes les attractions et les bons restos de gozo! Si vous devez louer un scoot ou une moto c&rsquo;est ici que vous devez aller!<\/p>\n<h1>\n\t\t\tNotre histoire, notre passion\t<\/h1>\n\tCouple franco-am\u00e9ricain, nous sommes passionn\u00e9s et exp\u00e9riment\u00e9s pour tout ce qui touche aux sports m\u00e9caniques.<br \/>\nAyant d\u00e9couvert les \u00eeles maltaises, nous y avons trouv\u00e9 un site exceptionnel pour la moto et les sports m\u00e9caniques. Mais essayer de louer une moto pour un week-end peut parfois mener \u00e0 de grandes d\u00e9ceptions&#8230; Raison pour laquelle nous nous sommes install\u00e9s \u00e0 Gozo afin d&rsquo;y proposer des prestations de qualit\u00e9s li\u00e9es \u00e0 notre passion.<br \/>\nHere at Hammerhead \u00ab\u00a0what you see is what you get\u00a0\u00bb\n<h1>\n\t\t\tFAQ\t<\/h1>\n\t\t\t\t\t<a href=\"#\"  id=\"fl-accordion--label-0\" tabindex=\"0\" aria-controls=\"fl-accordion--panel-0\">1. Quels services proposez-vous ?<\/a>\n\t\t\t\t\t\t\t\t\t\t\t<a href=\"#\" id=\"fl-accordion--icon-0\"  tabindex=\"0\"><i title=\"D\u00e9plier\">D\u00e9plier<\/i><\/a>\n\t\t\t\t\tNous proposons les services suivants :\n<ul data-start=\"405\" data-end=\"771\">\n<li data-start=\"405\" data-end=\"460\"><strong data-start=\"407\" data-end=\"432\">Location de v\u00e9hicules<\/strong>\u00a0: Quads, motos, scooters.<\/li>\n<li data-start=\"461\" data-end=\"539\"><strong data-start=\"463\" data-end=\"481\">Powder Coating<\/strong>\u00a0: Rev\u00eatement de poudre pour divers v\u00e9hicules et objets.<\/li>\n<li data-start=\"619\" data-end=\"690\"><strong data-start=\"621\" data-end=\"641\">Airport Transfer<\/strong> : Transferts priv\u00e9s vers et depuis l&rsquo;a\u00e9roport. (Bient\u00f4t)<\/li>\n<li data-start=\"691\" data-end=\"771\"><strong data-start=\"693\" data-end=\"726\">Vente de v\u00e9hicules <\/strong>: Vente de v\u00e9hicules \u00e0 des prix comp\u00e9titifs.<\/li>\n<li data-start=\"691\" data-end=\"771\"><strong>Vente de pi\u00e8ces et accessoires de motos : <\/strong>Vente de pi\u00e8ces et accessoires de motos \u00e0 des prix comp\u00e9titifs.<\/li>\n<\/ul>\n\t\t\t\t\t<a href=\"#\"  id=\"fl-accordion--label-1\" tabindex=\"0\" aria-controls=\"fl-accordion--panel-1\">2. Comment puis-je r\u00e9server un service ?<\/a>\n\t\t\t\t\t\t\t\t\t\t\t<a href=\"#\" id=\"fl-accordion--icon-1\"  tabindex=\"0\"><i title=\"D\u00e9plier\">D\u00e9plier<\/i><\/a>\n\t\t\t\t\t<p>Vous pouvez r\u00e9server un service en ligne via notre site internet ou en nous contactant directement par email ou t\u00e9l\u00e9phone. Une fois la r\u00e9servation effectu\u00e9e, vous recevrez une confirmation par email avec tous les d\u00e9tails n\u00e9cessaires.<\/p>\n\t\t\t\t\t<a href=\"#\"  id=\"fl-accordion--label-2\" tabindex=\"0\" aria-controls=\"fl-accordion--panel-2\">3. Quelles sont les conditions pour louer un v\u00e9hicule ?<\/a>\n\t\t\t\t\t\t\t\t\t\t\t<a href=\"#\" id=\"fl-accordion--icon-2\"  tabindex=\"0\"><i title=\"D\u00e9plier\">D\u00e9plier<\/i><\/a>\n\t\t\t\t\t<ul>\n<li data-start=\"1137\" data-end=\"1235\"><strong data-start=\"1139\" data-end=\"1154\">\u00c2ge minimum<\/strong>\u00a0: Vous devez avoir au moins 21 ans pour louer un v\u00e9hicule, et au maximum 71 ans.<\/li>\n<li data-start=\"1236\" data-end=\"1330\"><strong data-start=\"1238\" data-end=\"1258\">Documents requis<\/strong>\u00a0: Carte d&rsquo;identit\u00e9 valide et permis de conduire en cours de validit\u00e9.<\/li>\n<li data-start=\"1331\" data-end=\"1479\"><strong data-start=\"1333\" data-end=\"1344\">Caution<\/strong> : Une caution comprise entre 350 et 450 EUR (selon le v\u00e9hicule choisi) sera bloqu\u00e9e par votre banque sous forme de pr\u00e9-autorisation lors de la r\u00e9servation. Cette somme ne sera pas d\u00e9bit\u00e9e mais simplement mise en attente, et elle sera lib\u00e9r\u00e9e en moyenne sous 10 jours ouvrables, selon les d\u00e9lais de traitement de votre banque. La lib\u00e9ration de la caution reste soumise \u00e0 la v\u00e9rification de l&rsquo;\u00e9tat du v\u00e9hicule apr\u00e8s utilisation.<\/li>\n<li data-start=\"1480\" data-end=\"1595\"><strong data-start=\"1482\" data-end=\"1500\">Carte bancaire<\/strong>\u00a0: Vous devez fournir une carte Visa ou Mastercard pour effectuer la r\u00e9servation et la caution.<\/li>\n<\/ul>\n\t\t\t\t\t<a href=\"#\"  id=\"fl-accordion--label-3\" tabindex=\"0\" aria-controls=\"fl-accordion--panel-3\">4. Puis-je annuler ou modifier ma r\u00e9servation apr\u00e8s confirmation ?<\/a>\n\t\t\t\t\t\t\t\t\t\t\t<a href=\"#\" id=\"fl-accordion--icon-3\"  tabindex=\"0\"><i title=\"D\u00e9plier\">D\u00e9plier<\/i><\/a>\n\t\t\t\t\t<p>Oui, vous pouvez annuler ou modifier votre r\u00e9servation, sous r\u00e9serve de respecter notre politique d&rsquo;annulation. Toute modification ou annulation doit \u00eatre effectu\u00e9e au moins 15 jours avant la r\u00e9servation pour \u00eatre \u00e9ligible \u00e0 un remboursement total.<\/p>\n\t\t\t\t\t<a href=\"#\"  id=\"fl-accordion--label-4\" tabindex=\"0\" aria-controls=\"fl-accordion--panel-4\">5. Quels sont les modes de paiement accept\u00e9s ?<\/a>\n\t\t\t\t\t\t\t\t\t\t\t<a href=\"#\" id=\"fl-accordion--icon-4\"  tabindex=\"0\"><i title=\"D\u00e9plier\">D\u00e9plier<\/i><\/a>\n\t\t\t\t\t<p>Nous acceptons les paiements par\u00a0<strong data-start=\"2385\" data-end=\"2403\">carte bancaire<\/strong>\u00a0(Visa, Mastercard), Bancontact ainsi qu&rsquo;<strong data-start=\"2430\" data-end=\"2451\">Apple Pay &amp; Google Pay sur notre site<\/strong>. <strong>La caution<\/strong> est \u00e9galement pr\u00e9lev\u00e9e lors de l&rsquo;activit\u00e9 et <strong>seulement<\/strong> avec des carte physiques <strong>Visa<\/strong> ou <strong>Mastercard<\/strong>.<\/p>\n\t\t\t\t\t<a href=\"#\"  id=\"fl-accordion--label-5\" tabindex=\"0\" aria-controls=\"fl-accordion--panel-5\">6. Quelles sont les heures d&rsquo;ouverture de votre service ?<\/a>\n\t\t\t\t\t\t\t\t\t\t\t<a href=\"#\" id=\"fl-accordion--icon-5\"  tabindex=\"0\"><i title=\"D\u00e9plier\">D\u00e9plier<\/i><\/a>\n\t\t\t\t\tNos horaires sont les suivants :\n<ul data-start=\"2731\" data-end=\"2823\">\n<li data-start=\"2731\" data-end=\"2770\"><strong data-start=\"2733\" data-end=\"2753\">Lundi \u00e0 Vendredi<\/strong> : 8h30 &#8211; 15h30<\/li>\n<li data-start=\"2771\" data-end=\"2800\"><strong data-start=\"2773\" data-end=\"2783\">Samedi<\/strong> : 8h30 &#8211; 14h00<\/li>\n<li data-start=\"2801\" data-end=\"2823\"><strong data-start=\"2803\" data-end=\"2815\">Dimanche<\/strong> : Ferm\u00e9 (ouvert sur r\u00e9servation)<\/li>\n<\/ul>\n\t\t\t<a href=\"https:\/\/hammerheadprojects.com\/fr\/faq\/\" target=\"_self\">\n\t\t\t\t\t\t\tVoir toutes la FAQ\n\t\t\t\t\t<\/a>\n<h1>\n\t\t\tContactez-nous\t<\/h1>\n\t<h4><strong>Nous contacter<\/strong><\/h4>\n(+356) 99507956 ou (+356) 79810008<br \/>\nAdresse<br \/>\nMgarr Road<br \/>\nXewkija XWK9021<br \/>\nGOZO (Malte)\n\t<h4><strong>Horaires d&rsquo;Ouverture<\/strong><\/h4>\nLundi \u00e0 Vendredi : 8h30 \u00e0 15h30<br \/>\nSamedi : 8h30 \u00e0 14h<br \/>\nDimanche ferm\u00e9 (ouvert sur r\u00e9servation)<br \/>\nLocation 7\/7\n<p><strong>\u00a0 \u00a0 \u00a0 \u00a0 \u00a0 \u00a0 \u00a0 \u00a0 \u00a0 \u00a0Attention : de Novembre \u00e0 Mars, ferm\u00e9\u00a0 \u00a0 \u00a0 \u00a0 \u00a0 \u00a0 \u00a0 \u00a0 \u00a0 \u00a0 \u00a0 \u00a0 \u00a0 \u00a0 \u00a0 \u00a0 les samedis et dimanches.<\/strong><\/p>\n\t<iframe src=\"https:\/\/www.google.com\/maps\/embed\/v1\/place?q=HammerheadProjects%2C+Mgarr+Road%2C+Ix-Xewkija+XWK+9021%2C+Malte&#038;key=AIzaSyD09zQ9PNDNNy9TadMuzRV_UsPUoWKntt8\" aria-hidden=\"true\"><\/iframe>\n<h2>\n\t\t\tOu via le formulaire ci-dessous\t<\/h2>\n\n","protected":false},"excerpt":{"rendered":"<p>Partez \u00e0 la d\u00e9couverte de Gozo Location de quad Voir les disponibilit\u00e9s Location de Scooter Voir les disponibilit\u00e9s Location de moto Voir les disponibilit\u00e9s R\u00e9server Comment \u00e7a marche ? 1 V\u00e9rifier la disponibilit\u00e9 Choisissez une date \/ une p\u00e9riode sur une de nos activit\u00e9s. 2 Ajouter l&rsquo;activit\u00e9 au panier Adaptez la quantit\u00e9 et ajoutez la&hellip;<\/p>\n","protected":false},"author":1,"featured_media":0,"parent":0,"menu_order":0,"comment_status":"closed","ping_status":"closed","template":"","meta":{"_acf_changed":false,"footnotes":""},"class_list":["post-66","page","type-page","status-publish","hentry"],"acf":[],"yoast_head":"<!-- This site is optimized with the Yoast SEO plugin v27.4 - https:\/\/yoast.com\/product\/yoast-seo-wordpress\/ -->\n<title>Accueil - Hammerhead Projects<\/title>\n<meta name=\"robots\" content=\"index, follow, max-snippet:-1, max-image-preview:large, max-video-preview:-1\" \/>\n<link rel=\"canonical\" href=\"https:\/\/hammerheadprojects.com\/fr\/\" \/>\n<meta property=\"og:locale\" content=\"fr_FR\" \/>\n<meta property=\"og:type\" content=\"article\" \/>\n<meta property=\"og:title\" content=\"Accueil - Hammerhead Projects\" \/>\n<meta property=\"og:description\" content=\"Partez \u00e0 la d\u00e9couverte de Gozo Location de quad Voir les disponibilit\u00e9s Location de Scooter Voir les disponibilit\u00e9s Location de moto Voir les disponibilit\u00e9s R\u00e9server Comment \u00e7a marche ? 1 V\u00e9rifier la disponibilit\u00e9 Choisissez une date \/ une p\u00e9riode sur une de nos activit\u00e9s. 2 Ajouter l&rsquo;activit\u00e9 au panier Adaptez la quantit\u00e9 et ajoutez la&hellip;\" \/>\n<meta property=\"og:url\" content=\"https:\/\/hammerheadprojects.com\/fr\/\" \/>\n<meta property=\"og:site_name\" content=\"Hammerhead Projects\" \/>\n<meta property=\"article:modified_time\" content=\"2025-08-20T11:55:36+00:00\" \/>\n<meta property=\"og:image\" content=\"https:\/\/hammerheadprojects.com\/wp-content\/uploads\/2025\/03\/quad.png\" \/>\n<meta name=\"twitter:card\" content=\"summary_large_image\" \/>\n<meta name=\"twitter:label1\" content=\"Dur\u00e9e de lecture estim\u00e9e\" \/>\n\t<meta name=\"twitter:data1\" content=\"6 minutes\" \/>\n<script type=\"application\/ld+json\" class=\"yoast-schema-graph\">{\"@context\":\"https:\\\/\\\/schema.org\",\"@graph\":[{\"@type\":\"WebPage\",\"@id\":\"https:\\\/\\\/hammerheadprojects.com\\\/fr\\\/\",\"url\":\"https:\\\/\\\/hammerheadprojects.com\\\/fr\\\/\",\"name\":\"Accueil - Hammerhead Projects\",\"isPartOf\":{\"@id\":\"https:\\\/\\\/hammerheadprojects.com\\\/fr\\\/#website\"},\"primaryImageOfPage\":{\"@id\":\"https:\\\/\\\/hammerheadprojects.com\\\/fr\\\/#primaryimage\"},\"image\":{\"@id\":\"https:\\\/\\\/hammerheadprojects.com\\\/fr\\\/#primaryimage\"},\"thumbnailUrl\":\"https:\\\/\\\/hammerheadprojects.com\\\/wp-content\\\/uploads\\\/2025\\\/03\\\/quad.png\",\"datePublished\":\"2025-02-12T16:46:02+00:00\",\"dateModified\":\"2025-08-20T11:55:36+00:00\",\"breadcrumb\":{\"@id\":\"https:\\\/\\\/hammerheadprojects.com\\\/fr\\\/#breadcrumb\"},\"inLanguage\":\"fr-FR\",\"potentialAction\":[{\"@type\":\"ReadAction\",\"target\":[\"https:\\\/\\\/hammerheadprojects.com\\\/fr\\\/\"]}]},{\"@type\":\"ImageObject\",\"inLanguage\":\"fr-FR\",\"@id\":\"https:\\\/\\\/hammerheadprojects.com\\\/fr\\\/#primaryimage\",\"url\":\"https:\\\/\\\/hammerheadprojects.com\\\/wp-content\\\/uploads\\\/2025\\\/03\\\/quad.png\",\"contentUrl\":\"https:\\\/\\\/hammerheadprojects.com\\\/wp-content\\\/uploads\\\/2025\\\/03\\\/quad.png\"},{\"@type\":\"BreadcrumbList\",\"@id\":\"https:\\\/\\\/hammerheadprojects.com\\\/fr\\\/#breadcrumb\",\"itemListElement\":[{\"@type\":\"ListItem\",\"position\":1,\"name\":\"Accueil\",\"item\":\"https:\\\/\\\/hammerheadprojects.com\\\/fr\\\/\"},{\"@type\":\"ListItem\",\"position\":2,\"name\":\"Accueil\"}]},{\"@type\":\"WebSite\",\"@id\":\"https:\\\/\\\/hammerheadprojects.com\\\/fr\\\/#website\",\"url\":\"https:\\\/\\\/hammerheadprojects.com\\\/fr\\\/\",\"name\":\"Hammerhead Projects\",\"description\":\"Pour une exp\u00e9rience incroyable !\",\"potentialAction\":[{\"@type\":\"SearchAction\",\"target\":{\"@type\":\"EntryPoint\",\"urlTemplate\":\"https:\\\/\\\/hammerheadprojects.com\\\/fr\\\/?s={search_term_string}\"},\"query-input\":{\"@type\":\"PropertyValueSpecification\",\"valueRequired\":true,\"valueName\":\"search_term_string\"}}],\"inLanguage\":\"fr-FR\"}]}<\/script>\n<!-- \/ Yoast SEO plugin. -->","yoast_head_json":{"title":"Accueil - Hammerhead Projects","robots":{"index":"index","follow":"follow","max-snippet":"max-snippet:-1","max-image-preview":"max-image-preview:large","max-video-preview":"max-video-preview:-1"},"canonical":"https:\/\/hammerheadprojects.com\/fr\/","og_locale":"fr_FR","og_type":"article","og_title":"Accueil - Hammerhead Projects","og_description":"Partez \u00e0 la d\u00e9couverte de Gozo Location de quad Voir les disponibilit\u00e9s Location de Scooter Voir les disponibilit\u00e9s Location de moto Voir les disponibilit\u00e9s R\u00e9server Comment \u00e7a marche ? 1 V\u00e9rifier la disponibilit\u00e9 Choisissez une date \/ une p\u00e9riode sur une de nos activit\u00e9s. 2 Ajouter l&rsquo;activit\u00e9 au panier Adaptez la quantit\u00e9 et ajoutez la&hellip;","og_url":"https:\/\/hammerheadprojects.com\/fr\/","og_site_name":"Hammerhead Projects","article_modified_time":"2025-08-20T11:55:36+00:00","og_image":[{"url":"https:\/\/hammerheadprojects.com\/wp-content\/uploads\/2025\/03\/quad.png","type":"","width":"","height":""}],"twitter_card":"summary_large_image","twitter_misc":{"Dur\u00e9e de lecture estim\u00e9e":"6 minutes"},"schema":{"@context":"https:\/\/schema.org","@graph":[{"@type":"WebPage","@id":"https:\/\/hammerheadprojects.com\/fr\/","url":"https:\/\/hammerheadprojects.com\/fr\/","name":"Accueil - Hammerhead Projects","isPartOf":{"@id":"https:\/\/hammerheadprojects.com\/fr\/#website"},"primaryImageOfPage":{"@id":"https:\/\/hammerheadprojects.com\/fr\/#primaryimage"},"image":{"@id":"https:\/\/hammerheadprojects.com\/fr\/#primaryimage"},"thumbnailUrl":"https:\/\/hammerheadprojects.com\/wp-content\/uploads\/2025\/03\/quad.png","datePublished":"2025-02-12T16:46:02+00:00","dateModified":"2025-08-20T11:55:36+00:00","breadcrumb":{"@id":"https:\/\/hammerheadprojects.com\/fr\/#breadcrumb"},"inLanguage":"fr-FR","potentialAction":[{"@type":"ReadAction","target":["https:\/\/hammerheadprojects.com\/fr\/"]}]},{"@type":"ImageObject","inLanguage":"fr-FR","@id":"https:\/\/hammerheadprojects.com\/fr\/#primaryimage","url":"https:\/\/hammerheadprojects.com\/wp-content\/uploads\/2025\/03\/quad.png","contentUrl":"https:\/\/hammerheadprojects.com\/wp-content\/uploads\/2025\/03\/quad.png"},{"@type":"BreadcrumbList","@id":"https:\/\/hammerheadprojects.com\/fr\/#breadcrumb","itemListElement":[{"@type":"ListItem","position":1,"name":"Accueil","item":"https:\/\/hammerheadprojects.com\/fr\/"},{"@type":"ListItem","position":2,"name":"Accueil"}]},{"@type":"WebSite","@id":"https:\/\/hammerheadprojects.com\/fr\/#website","url":"https:\/\/hammerheadprojects.com\/fr\/","name":"Hammerhead Projects","description":"Pour une exp\u00e9rience incroyable !","potentialAction":[{"@type":"SearchAction","target":{"@type":"EntryPoint","urlTemplate":"https:\/\/hammerheadprojects.com\/fr\/?s={search_term_string}"},"query-input":{"@type":"PropertyValueSpecification","valueRequired":true,"valueName":"search_term_string"}}],"inLanguage":"fr-FR"}]}},"_links":{"self":[{"href":"https:\/\/hammerheadprojects.com\/fr\/wp-json\/wp\/v2\/pages\/66","targetHints":{"allow":["GET"]}}],"collection":[{"href":"https:\/\/hammerheadprojects.com\/fr\/wp-json\/wp\/v2\/pages"}],"about":[{"href":"https:\/\/hammerheadprojects.com\/fr\/wp-json\/wp\/v2\/types\/page"}],"author":[{"embeddable":true,"href":"https:\/\/hammerheadprojects.com\/fr\/wp-json\/wp\/v2\/users\/1"}],"replies":[{"embeddable":true,"href":"https:\/\/hammerheadprojects.com\/fr\/wp-json\/wp\/v2\/comments?post=66"}],"version-history":[{"count":152,"href":"https:\/\/hammerheadprojects.com\/fr\/wp-json\/wp\/v2\/pages\/66\/revisions"}],"predecessor-version":[{"id":2019,"href":"https:\/\/hammerheadprojects.com\/fr\/wp-json\/wp\/v2\/pages\/66\/revisions\/2019"}],"wp:attachment":[{"href":"https:\/\/hammerheadprojects.com\/fr\/wp-json\/wp\/v2\/media?parent=66"}],"curies":[{"name":"wp","href":"https:\/\/api.w.org\/{rel}","templated":true}]}}