{"id":444,"date":"2025-03-11T20:06:43","date_gmt":"2025-03-11T20:06:43","guid":{"rendered":"https:\/\/hammerheadprojects.com\/?post_type=product&#038;p=444"},"modified":"2025-04-12T12:48:23","modified_gmt":"2025-04-12T12:48:23","slug":"powder-coating","status":"publish","type":"product","link":"https:\/\/hammerheadprojects.com\/fr\/produit\/powder-coating\/","title":{"rendered":"Powder Coating"},"content":{"rendered":"<p data-start=\"0\" data-end=\"541\">Le <strong data-start=\"3\" data-end=\"21\">powder coating<\/strong> (ou rev\u00eatement en poudre) est un proc\u00e9d\u00e9 de peinture durable et \u00e9cologique, qui offre une finition lisse, r\u00e9sistante et de haute qualit\u00e9 pour une vari\u00e9t\u00e9 de surfaces m\u00e9talliques. Contrairement \u00e0 la peinture liquide traditionnelle, la poudre est appliqu\u00e9e sous forme s\u00e8che et durcie par chaleur, cr\u00e9ant ainsi un rev\u00eatement beaucoup plus r\u00e9sistant aux rayures, aux chocs, \u00e0 la corrosion et aux intemp\u00e9ries. Ce proc\u00e9d\u00e9 est id\u00e9al pour les produits ext\u00e9rieurs, les \u00e9quipements industriels, les meubles, et bien plus encore.<\/p>\n<p data-start=\"543\" data-end=\"909\" data-is-last-node=\"\" data-is-only-node=\"\">Non seulement le <strong data-start=\"560\" data-end=\"578\">powder coating<\/strong> am\u00e9liore l&rsquo;apparence de vos objets en leur donnant une finition uniforme et moderne, mais il contribue \u00e9galement \u00e0 prolonger leur dur\u00e9e de vie, en les prot\u00e9geant contre l&rsquo;usure quotidienne. Avec une large gamme de couleurs et de textures disponibles, c&rsquo;est la solution parfaite pour un rendu esth\u00e9tique et une protection maximale.<\/p>\n","protected":false},"excerpt":{"rendered":"<p>Le powder coating (ou rev\u00eatement en poudre) est un proc\u00e9d\u00e9 de peinture durable et \u00e9cologique, qui offre une finition lisse, r\u00e9sistante et de haute qualit\u00e9 pour une vari\u00e9t\u00e9 de surfaces m\u00e9talliques. Contrairement \u00e0 la peinture liquide traditionnelle, la poudre est appliqu\u00e9e sous forme s\u00e8che et durcie par chaleur, cr\u00e9ant ainsi un rev\u00eatement beaucoup plus r\u00e9sistant&hellip;<\/p>\n","protected":false},"featured_media":1235,"comment_status":"open","ping_status":"closed","template":"","meta":{"_acf_changed":false},"product_brand":[],"product_cat":[15],"product_tag":[],"class_list":{"0":"post-444","1":"product","2":"type-product","3":"status-publish","4":"has-post-thumbnail","6":"product_cat-uncategorized","8":"first","9":"instock","10":"shipping-taxable","11":"purchasable","12":"product-type-simple"},"acf":[],"yoast_head":"<!-- This site is optimized with the Yoast SEO plugin v27.4 - https:\/\/yoast.com\/product\/yoast-seo-wordpress\/ -->\n<title>Powder Coating - Hammerhead Projects<\/title>\n<meta name=\"robots\" content=\"index, follow, max-snippet:-1, max-image-preview:large, max-video-preview:-1\" \/>\n<link rel=\"canonical\" href=\"https:\/\/hammerheadprojects.com\/fr\/produit\/powder-coating\/\" \/>\n<meta property=\"og:locale\" content=\"fr_FR\" \/>\n<meta property=\"og:type\" content=\"article\" \/>\n<meta property=\"og:title\" content=\"Powder Coating - Hammerhead Projects\" \/>\n<meta property=\"og:description\" content=\"Le powder coating (ou rev\u00eatement en poudre) est un proc\u00e9d\u00e9 de peinture durable et \u00e9cologique, qui offre une finition lisse, r\u00e9sistante et de haute qualit\u00e9 pour une vari\u00e9t\u00e9 de surfaces m\u00e9talliques. Contrairement \u00e0 la peinture liquide traditionnelle, la poudre est appliqu\u00e9e sous forme s\u00e8che et durcie par chaleur, cr\u00e9ant ainsi un rev\u00eatement beaucoup plus r\u00e9sistant&hellip;\" \/>\n<meta property=\"og:url\" content=\"https:\/\/hammerheadprojects.com\/fr\/produit\/powder-coating\/\" \/>\n<meta property=\"og:site_name\" content=\"Hammerhead Projects\" \/>\n<meta property=\"article:modified_time\" content=\"2025-04-12T12:48:23+00:00\" \/>\n<meta property=\"og:image\" content=\"https:\/\/hammerheadprojects.com\/wp-content\/uploads\/2025\/03\/IMG_20230209_100206_7761.jpeg\" \/>\n\t<meta property=\"og:image:width\" content=\"1080\" \/>\n\t<meta property=\"og:image:height\" content=\"1080\" \/>\n\t<meta property=\"og:image:type\" content=\"image\/jpeg\" \/>\n<meta name=\"twitter:card\" content=\"summary_large_image\" \/>\n<meta name=\"twitter:label1\" content=\"Dur\u00e9e de lecture estim\u00e9e\" \/>\n\t<meta name=\"twitter:data1\" content=\"1 minute\" \/>\n<script type=\"application\/ld+json\" class=\"yoast-schema-graph\">{\"@context\":\"https:\\\/\\\/schema.org\",\"@graph\":[{\"@type\":\"WebPage\",\"@id\":\"https:\\\/\\\/hammerheadprojects.com\\\/fr\\\/produit\\\/powder-coating\\\/\",\"url\":\"https:\\\/\\\/hammerheadprojects.com\\\/fr\\\/produit\\\/powder-coating\\\/\",\"name\":\"Powder Coating - Hammerhead Projects\",\"isPartOf\":{\"@id\":\"https:\\\/\\\/hammerheadprojects.com\\\/fr\\\/#website\"},\"primaryImageOfPage\":{\"@id\":\"https:\\\/\\\/hammerheadprojects.com\\\/fr\\\/produit\\\/powder-coating\\\/#primaryimage\"},\"image\":{\"@id\":\"https:\\\/\\\/hammerheadprojects.com\\\/fr\\\/produit\\\/powder-coating\\\/#primaryimage\"},\"thumbnailUrl\":\"https:\\\/\\\/hammerheadprojects.com\\\/wp-content\\\/uploads\\\/2025\\\/03\\\/IMG_20230209_100206_7761.jpeg\",\"datePublished\":\"2025-03-11T20:06:43+00:00\",\"dateModified\":\"2025-04-12T12:48:23+00:00\",\"breadcrumb\":{\"@id\":\"https:\\\/\\\/hammerheadprojects.com\\\/fr\\\/produit\\\/powder-coating\\\/#breadcrumb\"},\"inLanguage\":\"fr-FR\",\"potentialAction\":[{\"@type\":\"ReadAction\",\"target\":[\"https:\\\/\\\/hammerheadprojects.com\\\/fr\\\/produit\\\/powder-coating\\\/\"]}]},{\"@type\":\"ImageObject\",\"inLanguage\":\"fr-FR\",\"@id\":\"https:\\\/\\\/hammerheadprojects.com\\\/fr\\\/produit\\\/powder-coating\\\/#primaryimage\",\"url\":\"https:\\\/\\\/hammerheadprojects.com\\\/wp-content\\\/uploads\\\/2025\\\/03\\\/IMG_20230209_100206_7761.jpeg\",\"contentUrl\":\"https:\\\/\\\/hammerheadprojects.com\\\/wp-content\\\/uploads\\\/2025\\\/03\\\/IMG_20230209_100206_7761.jpeg\",\"width\":1080,\"height\":1080},{\"@type\":\"BreadcrumbList\",\"@id\":\"https:\\\/\\\/hammerheadprojects.com\\\/fr\\\/produit\\\/powder-coating\\\/#breadcrumb\",\"itemListElement\":[{\"@type\":\"ListItem\",\"position\":1,\"name\":\"Accueil\",\"item\":\"https:\\\/\\\/hammerheadprojects.com\\\/fr\\\/\"},{\"@type\":\"ListItem\",\"position\":2,\"name\":\"Boutique\",\"item\":\"https:\\\/\\\/hammerheadprojects.com\\\/boutique\\\/\"},{\"@type\":\"ListItem\",\"position\":3,\"name\":\"Powder Coating\"}]},{\"@type\":\"WebSite\",\"@id\":\"https:\\\/\\\/hammerheadprojects.com\\\/fr\\\/#website\",\"url\":\"https:\\\/\\\/hammerheadprojects.com\\\/fr\\\/\",\"name\":\"Hammerhead Projects\",\"description\":\"Pour une exp\u00e9rience incroyable !\",\"potentialAction\":[{\"@type\":\"SearchAction\",\"target\":{\"@type\":\"EntryPoint\",\"urlTemplate\":\"https:\\\/\\\/hammerheadprojects.com\\\/fr\\\/?s={search_term_string}\"},\"query-input\":{\"@type\":\"PropertyValueSpecification\",\"valueRequired\":true,\"valueName\":\"search_term_string\"}}],\"inLanguage\":\"fr-FR\"}]}<\/script>\n<!-- \/ Yoast SEO plugin. -->","yoast_head_json":{"title":"Powder Coating - Hammerhead Projects","robots":{"index":"index","follow":"follow","max-snippet":"max-snippet:-1","max-image-preview":"max-image-preview:large","max-video-preview":"max-video-preview:-1"},"canonical":"https:\/\/hammerheadprojects.com\/fr\/produit\/powder-coating\/","og_locale":"fr_FR","og_type":"article","og_title":"Powder Coating - Hammerhead Projects","og_description":"Le powder coating (ou rev\u00eatement en poudre) est un proc\u00e9d\u00e9 de peinture durable et \u00e9cologique, qui offre une finition lisse, r\u00e9sistante et de haute qualit\u00e9 pour une vari\u00e9t\u00e9 de surfaces m\u00e9talliques. Contrairement \u00e0 la peinture liquide traditionnelle, la poudre est appliqu\u00e9e sous forme s\u00e8che et durcie par chaleur, cr\u00e9ant ainsi un rev\u00eatement beaucoup plus r\u00e9sistant&hellip;","og_url":"https:\/\/hammerheadprojects.com\/fr\/produit\/powder-coating\/","og_site_name":"Hammerhead Projects","article_modified_time":"2025-04-12T12:48:23+00:00","og_image":[{"width":1080,"height":1080,"url":"https:\/\/hammerheadprojects.com\/wp-content\/uploads\/2025\/03\/IMG_20230209_100206_7761.jpeg","type":"image\/jpeg"}],"twitter_card":"summary_large_image","twitter_misc":{"Dur\u00e9e de lecture estim\u00e9e":"1 minute"},"schema":{"@context":"https:\/\/schema.org","@graph":[{"@type":"WebPage","@id":"https:\/\/hammerheadprojects.com\/fr\/produit\/powder-coating\/","url":"https:\/\/hammerheadprojects.com\/fr\/produit\/powder-coating\/","name":"Powder Coating - Hammerhead Projects","isPartOf":{"@id":"https:\/\/hammerheadprojects.com\/fr\/#website"},"primaryImageOfPage":{"@id":"https:\/\/hammerheadprojects.com\/fr\/produit\/powder-coating\/#primaryimage"},"image":{"@id":"https:\/\/hammerheadprojects.com\/fr\/produit\/powder-coating\/#primaryimage"},"thumbnailUrl":"https:\/\/hammerheadprojects.com\/wp-content\/uploads\/2025\/03\/IMG_20230209_100206_7761.jpeg","datePublished":"2025-03-11T20:06:43+00:00","dateModified":"2025-04-12T12:48:23+00:00","breadcrumb":{"@id":"https:\/\/hammerheadprojects.com\/fr\/produit\/powder-coating\/#breadcrumb"},"inLanguage":"fr-FR","potentialAction":[{"@type":"ReadAction","target":["https:\/\/hammerheadprojects.com\/fr\/produit\/powder-coating\/"]}]},{"@type":"ImageObject","inLanguage":"fr-FR","@id":"https:\/\/hammerheadprojects.com\/fr\/produit\/powder-coating\/#primaryimage","url":"https:\/\/hammerheadprojects.com\/wp-content\/uploads\/2025\/03\/IMG_20230209_100206_7761.jpeg","contentUrl":"https:\/\/hammerheadprojects.com\/wp-content\/uploads\/2025\/03\/IMG_20230209_100206_7761.jpeg","width":1080,"height":1080},{"@type":"BreadcrumbList","@id":"https:\/\/hammerheadprojects.com\/fr\/produit\/powder-coating\/#breadcrumb","itemListElement":[{"@type":"ListItem","position":1,"name":"Accueil","item":"https:\/\/hammerheadprojects.com\/fr\/"},{"@type":"ListItem","position":2,"name":"Boutique","item":"https:\/\/hammerheadprojects.com\/boutique\/"},{"@type":"ListItem","position":3,"name":"Powder Coating"}]},{"@type":"WebSite","@id":"https:\/\/hammerheadprojects.com\/fr\/#website","url":"https:\/\/hammerheadprojects.com\/fr\/","name":"Hammerhead Projects","description":"Pour une exp\u00e9rience incroyable !","potentialAction":[{"@type":"SearchAction","target":{"@type":"EntryPoint","urlTemplate":"https:\/\/hammerheadprojects.com\/fr\/?s={search_term_string}"},"query-input":{"@type":"PropertyValueSpecification","valueRequired":true,"valueName":"search_term_string"}}],"inLanguage":"fr-FR"}]}},"_links":{"self":[{"href":"https:\/\/hammerheadprojects.com\/fr\/wp-json\/wp\/v2\/product\/444","targetHints":{"allow":["GET"]}}],"collection":[{"href":"https:\/\/hammerheadprojects.com\/fr\/wp-json\/wp\/v2\/product"}],"about":[{"href":"https:\/\/hammerheadprojects.com\/fr\/wp-json\/wp\/v2\/types\/product"}],"replies":[{"embeddable":true,"href":"https:\/\/hammerheadprojects.com\/fr\/wp-json\/wp\/v2\/comments?post=444"}],"wp:featuredmedia":[{"embeddable":true,"href":"https:\/\/hammerheadprojects.com\/fr\/wp-json\/wp\/v2\/media\/1235"}],"wp:attachment":[{"href":"https:\/\/hammerheadprojects.com\/fr\/wp-json\/wp\/v2\/media?parent=444"}],"wp:term":[{"taxonomy":"product_brand","embeddable":true,"href":"https:\/\/hammerheadprojects.com\/fr\/wp-json\/wp\/v2\/product_brand?post=444"},{"taxonomy":"product_cat","embeddable":true,"href":"https:\/\/hammerheadprojects.com\/fr\/wp-json\/wp\/v2\/product_cat?post=444"},{"taxonomy":"product_tag","embeddable":true,"href":"https:\/\/hammerheadprojects.com\/fr\/wp-json\/wp\/v2\/product_tag?post=444"}],"curies":[{"name":"wp","href":"https:\/\/api.w.org\/{rel}","templated":true}]}}