{"id":447,"date":"2025-03-11T20:10:53","date_gmt":"2025-03-11T20:10:53","guid":{"rendered":"https:\/\/hammerheadprojects.com\/?post_type=product&#038;p=447"},"modified":"2026-04-24T06:32:43","modified_gmt":"2026-04-24T06:32:43","slug":"location-de-scooter-a-gozo","status":"publish","type":"product","link":"https:\/\/hammerheadprojects.com\/fr\/produit\/location-de-scooter-a-gozo\/","title":{"rendered":"Location de Scooter \u00e0 Gozo"},"content":{"rendered":"<p data-start=\"0\" data-end=\"55\">R\u00e9servez votre exp\u00e9rience de scooter en toute simplicit\u00e9 !<\/p>\n<p>&nbsp;<\/p>\n<p data-start=\"57\" data-end=\"246\">Que vous soyez en qu\u00eate d&rsquo;aventure ou de d\u00e9tente, r\u00e9server un scooter avec nous est un jeu d\u2019enfant. Suivez quelques \u00e9tapes simples et partez \u00e0 la d\u00e9couverte des magnifiques paysages de Gozo !<\/p>\n<p>&nbsp;<\/p>\n<p data-start=\"248\" data-end=\"482\"><strong data-start=\"248\" data-end=\"276\">1. R\u00e9servez votre scooter:<\/strong><br data-start=\"276\" data-end=\"279\" \/>Il vous suffit de remplir le formulaire de r\u00e9servation en ligne, en choisissant la date votre excursion. En quelques clics, vous validez votre r\u00e9servation et vous \u00eates pr\u00eat pour l\u2019aventure.<\/p>\n<p>&nbsp;<\/p>\n<p data-start=\"484\" data-end=\"892\"><strong data-start=\"484\" data-end=\"544\">2. Confirmation instantan\u00e9e et instructions d\u00e9taill\u00e9es :<\/strong><br data-start=\"544\" data-end=\"547\" \/>D\u00e8s que votre r\u00e9servation est effectu\u00e9e, vous recevrez un email de confirmation avec toutes les informations n\u00e9cessaires pour votre prise en charge. Ce message d\u00e9taillera le lieu exact de votre d\u00e9part, ainsi que des instructions claires pour vous guider. Vous n&rsquo;aurez plus qu&rsquo;\u00e0 suivre ces indications pour une exp\u00e9rience sans stress.<\/p>\n<p data-start=\"894\" data-end=\"1200\"><strong data-start=\"894\" data-end=\"930\">3. N&rsquo;oubliez pas vos documents !<\/strong><br data-start=\"930\" data-end=\"933\" \/>Avant votre d\u00e9part, veillez \u00e0 avoir tous les documents list\u00e9s ci-dessous. Cela nous permettra de vous fournir un service rapide et efficace pour que vous puissiez profiter de votre aventure sans tracas. Si vous avez des questions, notre \u00e9quipe est l\u00e0 pour vous aider.<\/p>\n<p>&nbsp;<\/p>\n<p data-start=\"1202\" data-end=\"1279\" data-is-last-node=\"\" data-is-only-node=\"\">R\u00e9servez d\u00e8s maintenant et pr\u00e9parez-vous \u00e0 vivre une exp\u00e9rience inoubliable !<\/p>\n<p>&nbsp;<\/p>\n","protected":false},"excerpt":{"rendered":"<p>R\u00e9servez votre exp\u00e9rience de scooter en toute simplicit\u00e9 ! &nbsp; Que vous soyez en qu\u00eate d&rsquo;aventure ou de d\u00e9tente, r\u00e9server un scooter avec nous est un jeu d\u2019enfant. Suivez quelques \u00e9tapes simples et partez \u00e0 la d\u00e9couverte des magnifiques paysages de Gozo ! &nbsp; 1. R\u00e9servez votre scooter:Il vous suffit de remplir le formulaire de&hellip;<\/p>\n","protected":false},"featured_media":1426,"comment_status":"open","ping_status":"closed","template":"","meta":{"_acf_changed":false},"product_brand":[],"product_cat":[15],"product_tag":[],"class_list":{"0":"post-447","1":"product","2":"type-product","3":"status-publish","4":"has-post-thumbnail","6":"product_cat-uncategorized","8":"first","9":"instock","10":"shipping-taxable","11":"purchasable","12":"product-type-simple"},"acf":[],"yoast_head":"<!-- This site is optimized with the Yoast SEO plugin v27.4 - https:\/\/yoast.com\/product\/yoast-seo-wordpress\/ -->\n<title>Location de Scooter \u00e0 Gozo - Hammerhead Projects<\/title>\n<meta name=\"description\" content=\"Louez un scooter chez HammerHeadProject \u00e0 Gozo pour explorer l&#039;\u00eele ! D\u00e9couvrez ses paysages magnifiques, ses plages paradisiaques et ses sites historiques..\" \/>\n<meta name=\"robots\" content=\"index, follow, max-snippet:-1, max-image-preview:large, max-video-preview:-1\" \/>\n<link rel=\"canonical\" href=\"https:\/\/hammerheadprojects.com\/fr\/produit\/location-de-scooter-a-gozo\/\" \/>\n<meta property=\"og:locale\" content=\"fr_FR\" \/>\n<meta property=\"og:type\" content=\"article\" \/>\n<meta property=\"og:title\" content=\"Location de Scooter \u00e0 Gozo - Hammerhead Projects\" \/>\n<meta property=\"og:description\" content=\"Louez un scooter chez HammerHeadProject \u00e0 Gozo pour explorer l&#039;\u00eele ! D\u00e9couvrez ses paysages magnifiques, ses plages paradisiaques et ses sites historiques..\" \/>\n<meta property=\"og:url\" content=\"https:\/\/hammerheadprojects.com\/fr\/produit\/location-de-scooter-a-gozo\/\" \/>\n<meta property=\"og:site_name\" content=\"Hammerhead Projects\" \/>\n<meta property=\"article:modified_time\" content=\"2026-04-24T06:32:43+00:00\" \/>\n<meta property=\"og:image\" content=\"https:\/\/hammerheadprojects.com\/wp-content\/uploads\/2025\/03\/20250501_123747-scaled-e1746098748735.jpg\" \/>\n\t<meta property=\"og:image:width\" content=\"2560\" \/>\n\t<meta property=\"og:image:height\" content=\"1276\" \/>\n\t<meta property=\"og:image:type\" content=\"image\/jpeg\" \/>\n<meta name=\"twitter:card\" content=\"summary_large_image\" \/>\n<meta name=\"twitter:label1\" content=\"Dur\u00e9e de lecture estim\u00e9e\" \/>\n\t<meta name=\"twitter:data1\" content=\"2 minutes\" \/>\n<script type=\"application\/ld+json\" class=\"yoast-schema-graph\">{\"@context\":\"https:\\\/\\\/schema.org\",\"@graph\":[{\"@type\":\"WebPage\",\"@id\":\"https:\\\/\\\/hammerheadprojects.com\\\/fr\\\/produit\\\/location-de-scooter-a-gozo\\\/\",\"url\":\"https:\\\/\\\/hammerheadprojects.com\\\/fr\\\/produit\\\/location-de-scooter-a-gozo\\\/\",\"name\":\"Location de Scooter \u00e0 Gozo - Hammerhead Projects\",\"isPartOf\":{\"@id\":\"https:\\\/\\\/hammerheadprojects.com\\\/fr\\\/#website\"},\"primaryImageOfPage\":{\"@id\":\"https:\\\/\\\/hammerheadprojects.com\\\/fr\\\/produit\\\/location-de-scooter-a-gozo\\\/#primaryimage\"},\"image\":{\"@id\":\"https:\\\/\\\/hammerheadprojects.com\\\/fr\\\/produit\\\/location-de-scooter-a-gozo\\\/#primaryimage\"},\"thumbnailUrl\":\"https:\\\/\\\/hammerheadprojects.com\\\/wp-content\\\/uploads\\\/2025\\\/03\\\/20250501_123747-scaled-e1746098748735.jpg\",\"datePublished\":\"2025-03-11T20:10:53+00:00\",\"dateModified\":\"2026-04-24T06:32:43+00:00\",\"description\":\"Louez un scooter chez HammerHeadProject \u00e0 Gozo pour explorer l'\u00eele ! D\u00e9couvrez ses paysages magnifiques, ses plages paradisiaques et ses sites historiques..\",\"breadcrumb\":{\"@id\":\"https:\\\/\\\/hammerheadprojects.com\\\/fr\\\/produit\\\/location-de-scooter-a-gozo\\\/#breadcrumb\"},\"inLanguage\":\"fr-FR\",\"potentialAction\":[{\"@type\":\"ReadAction\",\"target\":[\"https:\\\/\\\/hammerheadprojects.com\\\/fr\\\/produit\\\/location-de-scooter-a-gozo\\\/\"]}]},{\"@type\":\"ImageObject\",\"inLanguage\":\"fr-FR\",\"@id\":\"https:\\\/\\\/hammerheadprojects.com\\\/fr\\\/produit\\\/location-de-scooter-a-gozo\\\/#primaryimage\",\"url\":\"https:\\\/\\\/hammerheadprojects.com\\\/wp-content\\\/uploads\\\/2025\\\/03\\\/20250501_123747-scaled-e1746098748735.jpg\",\"contentUrl\":\"https:\\\/\\\/hammerheadprojects.com\\\/wp-content\\\/uploads\\\/2025\\\/03\\\/20250501_123747-scaled-e1746098748735.jpg\",\"width\":2560,\"height\":1276},{\"@type\":\"BreadcrumbList\",\"@id\":\"https:\\\/\\\/hammerheadprojects.com\\\/fr\\\/produit\\\/location-de-scooter-a-gozo\\\/#breadcrumb\",\"itemListElement\":[{\"@type\":\"ListItem\",\"position\":1,\"name\":\"Accueil\",\"item\":\"https:\\\/\\\/hammerheadprojects.com\\\/fr\\\/\"},{\"@type\":\"ListItem\",\"position\":2,\"name\":\"Boutique\",\"item\":\"https:\\\/\\\/hammerheadprojects.com\\\/boutique\\\/\"},{\"@type\":\"ListItem\",\"position\":3,\"name\":\"Location de Scooter \u00e0 Gozo\"}]},{\"@type\":\"WebSite\",\"@id\":\"https:\\\/\\\/hammerheadprojects.com\\\/fr\\\/#website\",\"url\":\"https:\\\/\\\/hammerheadprojects.com\\\/fr\\\/\",\"name\":\"Hammerhead Projects\",\"description\":\"Pour une exp\u00e9rience incroyable !\",\"potentialAction\":[{\"@type\":\"SearchAction\",\"target\":{\"@type\":\"EntryPoint\",\"urlTemplate\":\"https:\\\/\\\/hammerheadprojects.com\\\/fr\\\/?s={search_term_string}\"},\"query-input\":{\"@type\":\"PropertyValueSpecification\",\"valueRequired\":true,\"valueName\":\"search_term_string\"}}],\"inLanguage\":\"fr-FR\"}]}<\/script>\n<!-- \/ Yoast SEO plugin. -->","yoast_head_json":{"title":"Location de Scooter \u00e0 Gozo - Hammerhead Projects","description":"Louez un scooter chez HammerHeadProject \u00e0 Gozo pour explorer l'\u00eele ! D\u00e9couvrez ses paysages magnifiques, ses plages paradisiaques et ses sites historiques..","robots":{"index":"index","follow":"follow","max-snippet":"max-snippet:-1","max-image-preview":"max-image-preview:large","max-video-preview":"max-video-preview:-1"},"canonical":"https:\/\/hammerheadprojects.com\/fr\/produit\/location-de-scooter-a-gozo\/","og_locale":"fr_FR","og_type":"article","og_title":"Location de Scooter \u00e0 Gozo - Hammerhead Projects","og_description":"Louez un scooter chez HammerHeadProject \u00e0 Gozo pour explorer l'\u00eele ! D\u00e9couvrez ses paysages magnifiques, ses plages paradisiaques et ses sites historiques..","og_url":"https:\/\/hammerheadprojects.com\/fr\/produit\/location-de-scooter-a-gozo\/","og_site_name":"Hammerhead Projects","article_modified_time":"2026-04-24T06:32:43+00:00","og_image":[{"width":2560,"height":1276,"url":"https:\/\/hammerheadprojects.com\/wp-content\/uploads\/2025\/03\/20250501_123747-scaled-e1746098748735.jpg","type":"image\/jpeg"}],"twitter_card":"summary_large_image","twitter_misc":{"Dur\u00e9e de lecture estim\u00e9e":"2 minutes"},"schema":{"@context":"https:\/\/schema.org","@graph":[{"@type":"WebPage","@id":"https:\/\/hammerheadprojects.com\/fr\/produit\/location-de-scooter-a-gozo\/","url":"https:\/\/hammerheadprojects.com\/fr\/produit\/location-de-scooter-a-gozo\/","name":"Location de Scooter \u00e0 Gozo - Hammerhead Projects","isPartOf":{"@id":"https:\/\/hammerheadprojects.com\/fr\/#website"},"primaryImageOfPage":{"@id":"https:\/\/hammerheadprojects.com\/fr\/produit\/location-de-scooter-a-gozo\/#primaryimage"},"image":{"@id":"https:\/\/hammerheadprojects.com\/fr\/produit\/location-de-scooter-a-gozo\/#primaryimage"},"thumbnailUrl":"https:\/\/hammerheadprojects.com\/wp-content\/uploads\/2025\/03\/20250501_123747-scaled-e1746098748735.jpg","datePublished":"2025-03-11T20:10:53+00:00","dateModified":"2026-04-24T06:32:43+00:00","description":"Louez un scooter chez HammerHeadProject \u00e0 Gozo pour explorer l'\u00eele ! D\u00e9couvrez ses paysages magnifiques, ses plages paradisiaques et ses sites historiques..","breadcrumb":{"@id":"https:\/\/hammerheadprojects.com\/fr\/produit\/location-de-scooter-a-gozo\/#breadcrumb"},"inLanguage":"fr-FR","potentialAction":[{"@type":"ReadAction","target":["https:\/\/hammerheadprojects.com\/fr\/produit\/location-de-scooter-a-gozo\/"]}]},{"@type":"ImageObject","inLanguage":"fr-FR","@id":"https:\/\/hammerheadprojects.com\/fr\/produit\/location-de-scooter-a-gozo\/#primaryimage","url":"https:\/\/hammerheadprojects.com\/wp-content\/uploads\/2025\/03\/20250501_123747-scaled-e1746098748735.jpg","contentUrl":"https:\/\/hammerheadprojects.com\/wp-content\/uploads\/2025\/03\/20250501_123747-scaled-e1746098748735.jpg","width":2560,"height":1276},{"@type":"BreadcrumbList","@id":"https:\/\/hammerheadprojects.com\/fr\/produit\/location-de-scooter-a-gozo\/#breadcrumb","itemListElement":[{"@type":"ListItem","position":1,"name":"Accueil","item":"https:\/\/hammerheadprojects.com\/fr\/"},{"@type":"ListItem","position":2,"name":"Boutique","item":"https:\/\/hammerheadprojects.com\/boutique\/"},{"@type":"ListItem","position":3,"name":"Location de Scooter \u00e0 Gozo"}]},{"@type":"WebSite","@id":"https:\/\/hammerheadprojects.com\/fr\/#website","url":"https:\/\/hammerheadprojects.com\/fr\/","name":"Hammerhead Projects","description":"Pour une exp\u00e9rience incroyable !","potentialAction":[{"@type":"SearchAction","target":{"@type":"EntryPoint","urlTemplate":"https:\/\/hammerheadprojects.com\/fr\/?s={search_term_string}"},"query-input":{"@type":"PropertyValueSpecification","valueRequired":true,"valueName":"search_term_string"}}],"inLanguage":"fr-FR"}]}},"_links":{"self":[{"href":"https:\/\/hammerheadprojects.com\/fr\/wp-json\/wp\/v2\/product\/447","targetHints":{"allow":["GET"]}}],"collection":[{"href":"https:\/\/hammerheadprojects.com\/fr\/wp-json\/wp\/v2\/product"}],"about":[{"href":"https:\/\/hammerheadprojects.com\/fr\/wp-json\/wp\/v2\/types\/product"}],"replies":[{"embeddable":true,"href":"https:\/\/hammerheadprojects.com\/fr\/wp-json\/wp\/v2\/comments?post=447"}],"wp:featuredmedia":[{"embeddable":true,"href":"https:\/\/hammerheadprojects.com\/fr\/wp-json\/wp\/v2\/media\/1426"}],"wp:attachment":[{"href":"https:\/\/hammerheadprojects.com\/fr\/wp-json\/wp\/v2\/media?parent=447"}],"wp:term":[{"taxonomy":"product_brand","embeddable":true,"href":"https:\/\/hammerheadprojects.com\/fr\/wp-json\/wp\/v2\/product_brand?post=447"},{"taxonomy":"product_cat","embeddable":true,"href":"https:\/\/hammerheadprojects.com\/fr\/wp-json\/wp\/v2\/product_cat?post=447"},{"taxonomy":"product_tag","embeddable":true,"href":"https:\/\/hammerheadprojects.com\/fr\/wp-json\/wp\/v2\/product_tag?post=447"}],"curies":[{"name":"wp","href":"https:\/\/api.w.org\/{rel}","templated":true}]}}